{"id":156,"date":"2019-11-12T13:46:57","date_gmt":"2019-11-12T20:46:57","guid":{"rendered":"https:\/\/www.pershingfamilydental.com\/?page_id=156"},"modified":"2026-04-07T18:48:10","modified_gmt":"2026-04-08T00:48:10","slug":"home","status":"publish","type":"page","link":"https:\/\/www.pershingfamilydental.com\/es\/","title":{"rendered":"Inicio"},"content":{"rendered":"\n<div class=\"wp-block-coblocks-row coblocks-row-1013122056765\" data-columns=\"2\" data-layout=\"50-50\"><div class=\"wp-block-coblocks-row__inner has-no-padding has-no-margin is-stacked-on-mobile has-medium-gutter\">\n<div class=\"wp-block-coblocks-column coblocks-column-101312213282\" style=\"width:50%\"><div class=\"wp-block-coblocks-column__inner has-no-padding has-no-margin\">\n<h1 class=\"wp-block-heading has-text-align-center\" style=\"font-size:33px\">Pershing Family Dental<br>\u00a1Su amigable dentista de El Paso!<\/h1>\n\n\n\n<hr class=\"wp-block-separator has-css-opacity\"\/>\n\n\n\n<p>Cuando usted est\u00e1 buscando el mejor dentista El Paso, TX tiene que ofrecer, usted puede contar con Pershing Family Dental. Ya sea que usted viva aqu\u00ed o s\u00f3lo nos visite, cuando venga a visitarnos, haremos todo lo posible para asegurarnos de que se sienta c\u00f3modo y le proporcionemos el m\u00e1s alto nivel de servicio dental personalizado. Nos esforzamos por tratar a cada paciente de una manera suave, cuidadosa y profesional. Estamos seguros de que usted encontrar\u00e1 la atm\u00f3sfera calmante, el personal amable, y nuestros servicios excepcionales.<\/p>\n<\/div><\/div>\n\n\n\n<div class=\"wp-block-coblocks-column has-text-align-center coblocks-column-101312213289\" style=\"width:50%\"><div class=\"wp-block-coblocks-column__inner has-no-padding has-no-margin\"><div class=\"wp-block-image\">\n<figure class=\"aligncenter\"><img loading=\"lazy\" decoding=\"async\" width=\"400\" height=\"267\" src=\"https:\/\/www.pershingfamilydental.com\/wp-content\/uploads\/2019\/11\/pershing-family-dental-dentist-el-paso_orig.jpg\" alt=\"Dentist in Central El Paso, TX\" class=\"wp-image-389\" srcset=\"https:\/\/www.pershingfamilydental.com\/wp-content\/uploads\/2019\/11\/pershing-family-dental-dentist-el-paso_orig.jpg 400w, https:\/\/www.pershingfamilydental.com\/wp-content\/uploads\/2019\/11\/pershing-family-dental-dentist-el-paso_orig-300x200.jpg 300w\" sizes=\"auto, (max-width: 400px) 100vw, 400px\" \/><figcaption class=\"wp-element-caption\">Dentista en Central El Paso, TX<\/figcaption><\/figure>\n<\/div>\n\n\n<div class=\"wp-block-button\"><a class=\"wp-block-button__link no-border-radius wp-element-button\" href=\"https:\/\/www.pershingfamilydental.com\/contact.html\">\u00a1Programe una cita hoy mismo!<\/a><\/div>\n<\/div><\/div>\n<\/div><\/div>\n\n\n\n<div style=\"height:36px\" aria-hidden=\"true\" class=\"wp-block-spacer\"><\/div>\n\n\n\n<p>Para su comodidad, hemos llenado este sitio con informaci\u00f3n valiosa sobre nuestra pr\u00e1ctica, los procedimientos dentales, y las preguntas m\u00e1s frecuentes. Nuestro objetivo es responder a todas sus preguntas e inquietudes relacionadas con la odontolog\u00eda familiar. Nuestro personal dental amigable se esfuerza por la excelencia en un ambiente de oficina dental reconfortante.<\/p>\n\n\n\n<p>Esperamos poder atenderle a usted y a su familia en nuestra c\u00f3moda y moderna cl\u00ednica dental.<\/p>\n\n\n\n<div style=\"height:37px\" aria-hidden=\"true\" class=\"wp-block-spacer\"><\/div>\n\n\n\n<div class=\"wp-block-coblocks-hero alignfull has-text-color has-quinary-color coblocks-hero-10131224090\"><div class=\"wp-block-coblocks-hero__inner has-background-overlay bg-cover has-background-image bg-no-repeat bg-center-center hero-center-center-align has-padding has-huge-padding has-center-content\" style=\"background-image:url(https:\/\/www.pershingfamilydental.com\/wp-content\/uploads\/2019\/11\/dentist-central-el-paso-tx.jpg);min-height:500px\"><div class=\"wp-block-coblocks-hero__content-wrapper\"><div class=\"wp-block-coblocks-hero__content\" style=\"max-width:993px\">\n<p class=\"has-custom-size has-quinary-color has-text-color\" style=\"font-size:27px\">Llame o vis\u00edtenos para concertar una cita, hacer una pregunta u obtener m\u00e1s informaci\u00f3n.<\/p>\n\n\n\n<div class=\"wp-block-coblocks-row coblocks-row-1013123431959\" data-columns=\"2\" data-layout=\"50-50\"><div class=\"wp-block-coblocks-row__inner has-no-padding has-no-margin is-stacked-on-mobile has-medium-gutter\">\n<div class=\"wp-block-coblocks-column coblocks-column-101312343443\" style=\"width:50%\"><div class=\"wp-block-coblocks-column__inner has-no-padding has-no-margin\">\n<h3 class=\"wp-block-heading has-text-align-left\"><a href=\"https:\/\/goo.gl\/maps\/CjkvVY8MH3cjUYJeA\" target=\"_blank\" aria-label=\"\u200bCENTRAL EL PASO DENTIST OFFICE (opens in a new tab)\" rel=\"noreferrer noopener\" class=\"rank-math-link\">\u200b<strong>CENTRAL EL PASO DENTIST OFFICE<\/strong><\/a><\/h3>\n\n\n\n<p class=\"has-text-align-left has-quinary-color has-text-color has-medium-font-size\"><a class=\"rank-math-link\" rel=\"noreferrer noopener\" href=\"https:\/\/goo.gl\/maps\/V95NfABS2bq\" target=\"_blank\">\u200b<\/a><a aria-label=\"3501 Pershing Dr.&nbsp;\nEl Paso, TX 79903 (opens in a new tab)\" class=\"rank-math-link\" href=\"https:\/\/goo.gl\/maps\/CjkvVY8MH3cjUYJeA\" target=\"_blank\" rel=\"noreferrer noopener\">3501 Pershing Dr.&nbsp;<br>El Paso, TX 79903<\/a><\/p>\n\n\n\n<p><\/p>\n\n\n\n<h2 class=\"wp-block-heading has-text-align-left\"><strong><a class=\"rank-math-link\" href=\"tel:9152065735\">915.206.5735<\/a>\u200b<\/strong><\/h2>\n\n\n\n<p class=\"has-text-align-left has-quinary-color has-text-color has-medium-font-size\">Fax: 915.503.1853 <\/p>\n\n\n\n<div style=\"height:23px\" aria-hidden=\"true\" class=\"wp-block-spacer\"><\/div>\n\n\n\n<div class=\"wp-block-button\"><a class=\"wp-block-button__link no-border-radius wp-element-button\" href=\"https:\/\/www.pershingfamilydental.com\/contact.html\"><meta charset=\"utf-8\">\u00a1Programe una cita hoy mismo!<\/a><\/div>\n\n\n\n<p><\/p>\n<\/div><\/div>\n\n\n\n<div class=\"wp-block-coblocks-column coblocks-column-101312343449\" style=\"width:50%\"><div class=\"wp-block-coblocks-column__inner has-no-padding has-no-margin\">\n<iframe src=\"https:\/\/www.google.com\/maps\/embed?pb=!1m14!1m8!1m3!1d13565.604085575975!2d-106.452789!3d31.786819!3m2!1i1024!2i768!4f13.1!3m3!1m2!1s0x0%3A0xba3bd4eedd6f0f94!2sPershing%20Family%20Dental!5e0!3m2!1sen!2sus!4v1621977710227!5m2!1sen!2sus\" width=\"600\" height=\"450\" style=\"border:0;\" allowfullscreen=\"\" loading=\"lazy\"><\/iframe>\n<\/div><\/div>\n<\/div><\/div>\n<\/div><\/div><\/div><\/div>\n\n\n\n<h2 class=\"wp-block-heading has-text-align-center\"><strong>Dentista cerca de m\u00ed en El Paso, TX<\/strong><\/h2>\n\n\n\n<hr class=\"wp-block-separator has-css-opacity is-style-wide\"\/>\n\n\n\n<div class=\"wp-block-coblocks-row coblocks-row-10131248548\" data-columns=\"3\" data-layout=\"33-33-33\"><div class=\"wp-block-coblocks-row__inner has-no-padding has-no-margin is-stacked-on-mobile has-medium-gutter\">\n<div class=\"wp-block-coblocks-column has-text-align-center coblocks-column-1013124856376\" style=\"width:33.33%\"><div class=\"wp-block-coblocks-column__inner has-no-padding has-no-margin\">\n<h3 class=\"wp-block-heading has-text-align-center\">Examen y limpieza dental<\/h3>\n\n\n\n<p class=\"has-text-align-center\">\u00bfSab\u00eda usted que m\u00e1s de la mitad de los problemas de los dientes a largo plazo, incluyendo las caries y el deterioro de los dientes, pueden ser identificados y prevenidos por los chequeos regulares? Nuestra p\u00e1gina de limpieza de dientes explica nuestros ex\u00e1menes, radiograf\u00edas y limpiezas de dientes en El Paso.<\/p>\n\n\n\n<hr class=\"wp-block-separator has-css-opacity\"\/>\n\n\n\n<div class=\"wp-block-button aligncenter\"><a class=\"wp-block-button__link wp-element-button\" href=\"https:\/\/www.pershingfamilydental.com\/teeth-cleaning-el-paso.html\">Limpieza de dientes<\/a><\/div>\n<\/div><\/div>\n\n\n\n<div class=\"wp-block-coblocks-column has-text-align-center coblocks-column-1013124856382\" style=\"width:33.33%\"><div class=\"wp-block-coblocks-column__inner has-no-padding has-no-margin\">\n<h3 class=\"wp-block-heading has-text-align-center\">\u00bfEmergencia dental?<\/h3>\n\n\n\n<p class=\"has-text-align-center\">Si usted ha tenido la desgracia de un accidente que ha causado la necesidad de atenci\u00f3n dental de emergencia, nos solidarizamos con usted. Cuando usted est\u00e1 buscando el mejor dentista de emergencia El Paso tiene que ofrecer, estamos aqu\u00ed para ayudar.&nbsp;<\/p>\n\n\n\n<hr class=\"wp-block-separator has-css-opacity\"\/>\n\n\n\n<div class=\"wp-block-button aligncenter\"><a class=\"wp-block-button__link wp-element-button\">Dentista de urgencia<\/a><\/div>\n<\/div><\/div>\n\n\n\n<div class=\"wp-block-coblocks-column has-text-align-center coblocks-column-1013124856386\" style=\"width:33.33%\"><div class=\"wp-block-coblocks-column__inner has-no-padding has-no-margin\">\n<h3 class=\"wp-block-heading has-text-align-center\">Extracci\u00f3n de dientes<\/h3>\n\n\n\n<p class=\"has-text-align-center\">Si tiene la desgracia de necesitar una extracci\u00f3n de dientes, est\u00e1 en buenas manos en Pershing Family Dental.&nbsp;Nuestro objetivo es ayudarle a estar c\u00f3modo y aliviar cualquier dolor o ansiedad.&nbsp;Tenemos muchas herramientas para aliviar el dolor y un personal profesional.<\/p>\n\n\n\n<hr class=\"wp-block-separator has-css-opacity\"\/>\n\n\n\n<div class=\"wp-block-button aligncenter\"><a class=\"wp-block-button__link wp-element-button\" href=\"https:\/\/www.pershingfamilydental.com\/tooth-extractions-wisdom-teeth.html\">Extracci\u00f3n de dientes<\/a><\/div>\n<\/div><\/div>\n<\/div><\/div>\n\n\n\n<div style=\"height:43px\" aria-hidden=\"true\" class=\"wp-block-spacer\"><\/div>\n\n\n\n<div class=\"wp-block-coblocks-hero alignfull coblocks-hero-1013125252309\"><div class=\"wp-block-coblocks-hero__inner has-background hero-center-center-align has-padding has-huge-padding has-center-content\" style=\"background-color:#f1f1f1;min-height:500px\"><div class=\"wp-block-coblocks-hero__content-wrapper\"><div class=\"wp-block-coblocks-hero__content\" style=\"max-width:910px\">\n<div class=\"wp-block-coblocks-row coblocks-row-101314418921\" data-columns=\"2\" data-layout=\"50-50\"><div class=\"wp-block-coblocks-row__inner has-no-padding has-no-margin is-stacked-on-mobile has-medium-gutter\">\n<div class=\"wp-block-coblocks-column coblocks-column-1013144111122\" style=\"width:50%\"><div class=\"wp-block-coblocks-column__inner has-no-padding has-no-margin\">\n<h2 class=\"wp-block-heading has-text-align-left\"><strong>Programa de recomendaci\u00f3n de amigos o familiares<\/strong><\/h2>\n\n\n\n<p class=\"has-text-align-left\">Nos gustar\u00eda presentar nuestro programa de recompensas para amigos y familiares dentales. Por cada persona que usted introduzca a nuestra pr\u00e1ctica, le regalaremos una tarjeta de regalo de $50 para usar en cualquier tratamiento dental en Pershing Family Dental. Este programa es nuestra manera de decir gracias por su confianza y lealtad. \u00a1Referir a alguien nuevo es ahora simple, s\u00f3lo haga clic en el enlace de abajo!&nbsp;<\/p>\n\n\n\n<div style=\"height:20px\" aria-hidden=\"true\" class=\"wp-block-spacer\"><\/div>\n\n\n\n<div class=\"wp-block-button alignleft\"><a class=\"wp-block-button__link wp-element-button\" href=\"https:\/\/www.pershingfamilydental.com\/dental-referral.html\">Recomendar a un amigo o familiar<\/a><\/div>\n<\/div><\/div>\n\n\n\n<div class=\"wp-block-coblocks-column coblocks-column-1013144111129\" style=\"width:50%\"><div class=\"wp-block-coblocks-column__inner has-no-padding has-no-margin\">\n<figure class=\"wp-block-image\"><img loading=\"lazy\" decoding=\"async\" width=\"400\" height=\"267\" src=\"https:\/\/www.pershingfamilydental.com\/wp-content\/uploads\/2019\/11\/pershing-central-el-paso-dentist-refer-a-friend.jpg\" alt=\"Refer a friend program for dental savings in El Paso, TX\" class=\"wp-image-410\" srcset=\"https:\/\/www.pershingfamilydental.com\/wp-content\/uploads\/2019\/11\/pershing-central-el-paso-dentist-refer-a-friend.jpg 400w, https:\/\/www.pershingfamilydental.com\/wp-content\/uploads\/2019\/11\/pershing-central-el-paso-dentist-refer-a-friend-300x200.jpg 300w\" sizes=\"auto, (max-width: 400px) 100vw, 400px\" \/><\/figure>\n<\/div><\/div>\n<\/div><\/div>\n\n\n\n<p><\/p>\n<\/div><\/div><\/div><\/div>\n","protected":false},"excerpt":{"rendered":"<p>Para su comodidad, hemos llenado este sitio con informaci\u00f3n valiosa sobre nuestra pr\u00e1ctica, los procedimientos dentales, y las preguntas m\u00e1s&hellip;<\/p>\n","protected":false},"author":1,"featured_media":0,"parent":0,"menu_order":0,"comment_status":"closed","ping_status":"closed","template":"","meta":{"_coblocks_attr":"","_coblocks_dimensions":"{\"coblocks-hero-10121490253\":{\"padding\":{}},\"coblocks-hero-101214914554\":{\"padding\":{}},\"coblocks-hero-10131224090\":{\"padding\":{}},\"coblocks-hero-1013125252309\":{\"padding\":{\"paddingTop\":\"30px\",\"paddingRight\":\"60px\",\"paddingBottom\":\"30px\",\"paddingLeft\":\"60px\",\"paddingTopTablet\":null,\"paddingRightTablet\":null,\"paddingBottomTablet\":null,\"paddingLeftTablet\":null,\"paddingTopMobile\":null,\"paddingRightMobile\":null,\"paddingBottomMobile\":null,\"paddingLeftMobile\":null}},\"coblocks-hero-01016639342\":{\"padding\":{}}}","_coblocks_responsive_height":"{\"coblocks-hero-1013125252309\":{\"height\":{\"height\":400}},\"coblocks-hero-01016639342\":{\"height\":{\"height\":400}}}","_coblocks_accordion_ie_support":"","_kad_blocks_custom_css":"","_kad_blocks_head_custom_js":"","_kad_blocks_body_custom_js":"","_kad_blocks_footer_custom_js":"","footnotes":""},"class_list":["post-156","page","type-page","status-publish","hentry"],"translation":{"provider":"WPGlobus","version":"3.0.2","language":"es","enabled_languages":["en","es"],"languages":{"en":{"title":true,"content":true,"excerpt":false},"es":{"title":true,"content":true,"excerpt":false}}},"aioseo_notices":[],"taxonomy_info":[],"featured_image_src_large":false,"author_info":{"display_name":"admin","author_link":"https:\/\/www.pershingfamilydental.com\/es\/author\/admin\/"},"comment_info":0,"_links":{"self":[{"href":"https:\/\/www.pershingfamilydental.com\/es\/wp-json\/wp\/v2\/pages\/156","targetHints":{"allow":["GET"]}}],"collection":[{"href":"https:\/\/www.pershingfamilydental.com\/es\/wp-json\/wp\/v2\/pages"}],"about":[{"href":"https:\/\/www.pershingfamilydental.com\/es\/wp-json\/wp\/v2\/types\/page"}],"author":[{"embeddable":true,"href":"https:\/\/www.pershingfamilydental.com\/es\/wp-json\/wp\/v2\/users\/1"}],"replies":[{"embeddable":true,"href":"https:\/\/www.pershingfamilydental.com\/es\/wp-json\/wp\/v2\/comments?post=156"}],"version-history":[{"count":104,"href":"https:\/\/www.pershingfamilydental.com\/es\/wp-json\/wp\/v2\/pages\/156\/revisions"}],"predecessor-version":[{"id":1825,"href":"https:\/\/www.pershingfamilydental.com\/es\/wp-json\/wp\/v2\/pages\/156\/revisions\/1825"}],"wp:attachment":[{"href":"https:\/\/www.pershingfamilydental.com\/es\/wp-json\/wp\/v2\/media?parent=156"}],"curies":[{"name":"wp","href":"https:\/\/api.w.org\/{rel}","templated":true}]}}