{"id":19,"date":"2019-11-12T13:46:57","date_gmt":"2019-11-12T20:46:57","guid":{"rendered":"https:\/\/www.pershingfamilydental.com\/?page_id=19"},"modified":"2026-02-13T14:07:23","modified_gmt":"2026-02-13T21:07:23","slug":"contact","status":"publish","type":"page","link":"https:\/\/www.pershingfamilydental.com\/es\/contact.html","title":{"rendered":"Contacto"},"content":{"rendered":"\n<h2 class=\"wp-block-heading\">Programe una cita con el dentista hoy mismo.<\/h2>\n\n\n\n<p>Situado convenientemente en el centro de El Paso, TX.&nbsp;Llame, env\u00ede un mensaje o vis\u00edtenos para programar una cita, hacer una pregunta u obtener m\u00e1s informaci\u00f3n. \u00a1Esperamos escuchar de usted!<\/p>\n\n\n\n<p>Fields marked with an&nbsp;*&nbsp;are required<\/p>\n\n\n\n<div class=\"wp-block-coblocks-row coblocks-row-101316149196\" data-columns=\"2\" data-layout=\"50-50\"><div class=\"wp-block-coblocks-row__inner has-no-padding has-no-margin is-stacked-on-mobile has-medium-gutter\">\n<div class=\"wp-block-coblocks-column coblocks-column-101316151440\" style=\"width:50%\"><div class=\"wp-block-coblocks-column__inner has-no-padding has-no-margin\">\n\n\n<div class=\"wp-block-coblocks-row coblocks-row-1014132022688\" data-columns=\"2\" data-layout=\"50-50\"><div class=\"wp-block-coblocks-row__inner has-no-padding has-no-margin is-stacked-on-mobile has-medium-gutter\">\n<div class=\"wp-block-coblocks-column coblocks-column-10141320255\" style=\"width:50%\"><div class=\"wp-block-coblocks-column__inner has-no-padding has-no-margin\">\n<figure class=\"wp-block-image\"><a href=\"https:\/\/www.facebook.com\/PershingFamilyDental\/\"><img loading=\"lazy\" decoding=\"async\" width=\"233\" height=\"232\" src=\"https:\/\/www.pershingfamilydental.com\/wp-content\/uploads\/2019\/11\/pershing-dental-facebook.jpg\" alt=\"Pershing Family Dental - Dentist in El Paso, TX - Facebook\" class=\"wp-image-506\" srcset=\"https:\/\/www.pershingfamilydental.com\/wp-content\/uploads\/2019\/11\/pershing-dental-facebook.jpg 233w, https:\/\/www.pershingfamilydental.com\/wp-content\/uploads\/2019\/11\/pershing-dental-facebook-150x150.jpg 150w\" sizes=\"auto, (max-width: 233px) 100vw, 233px\" \/><\/a><\/figure>\n<\/div><\/div>\n\n\n\n<div class=\"wp-block-coblocks-column coblocks-column-101413202512\" style=\"width:50%\"><div class=\"wp-block-coblocks-column__inner has-no-padding has-no-margin\">\n<h2 class=\"wp-block-heading\">\u00bfSomos ya amigos?<\/h2>\n\n\n\n<p>Nos encantar\u00eda verte en las redes sociales. S\u00edganos en FaceBook para recibir nuestros \u00faltimos sorteos, cupones de descuento y noticias<\/p>\n<\/div><\/div>\n<\/div><\/div>\n<\/div><\/div>\n\n\n\n<div class=\"wp-block-coblocks-column coblocks-column-101316151449\" style=\"width:50%\"><div class=\"wp-block-coblocks-column__inner has-no-padding has-no-margin\">\n<h2 class=\"wp-block-heading\">Dentista en Central El Paso, TX<\/h2>\n\n\n\n<p><strong><a href=\"https:\/\/goo.gl\/maps\/CjkvVY8MH3cjUYJeA\" target=\"_blank\" aria-label=\"3501 Pershing Dr.\nEl Paso, TX 79903 (opens in a new tab)\" rel=\"noreferrer noopener\" class=\"rank-math-link\">3501 Pershing Dr.<br>El Paso, TX 79903<\/a><\/strong><\/p>\n\n\n\n<h2 class=\"wp-block-heading\">Call Us!<\/h2>\n\n\n\n<p class=\"has-custom-size has-custom-weight\" style=\"font-weight:bold;font-size:47px\"><a href=\"tel:9152065735\">915.206.5735<\/a><\/p>\n\n\n\n<p>Fax: 915.503.1853 <\/p>\n\n\n\n<p><a class=\"rank-math-link\" href=\"mailto:smile@pershingfamilydental.com\">smile@pershingfamilydental.com<\/a><\/p>\n\n\n\n<h2 class=\"wp-block-heading\">Hours<\/h2>\n\n\n\n<p>Monday &#8211;&nbsp;\u200b\u200b9AM\u20135PM&nbsp;<br>Tuesday &#8211;&nbsp;9AM\u20135PM<br>Wednesday &#8211;&nbsp;\u200b9AM\u20135PM<br>Thursday &#8211;&nbsp;9AM\u20135PM<br>Friday &#8211;&nbsp;9AM\u20135PM<br>Saturday &#8211;&nbsp;Closed<br>Sunday &#8211;&nbsp;Closed<\/p>\n\n\n\n<div style=\"height:38px\" aria-hidden=\"true\" class=\"wp-block-spacer\"><\/div>\n\n\n<div class=\"wp-block-coblocks-social wp-block-coblocks-social-profiles is-style-mask has-colors\"><ul><li><a href=\"https:\/\/www.facebook.com\/PershingFamilyDental\/\" title=\"Facebook\" class=\"wp-block-button__link wp-block-coblocks-social__button wp-block-coblocks-social__button--facebook has-padding\" style=\"border-radius:40px\"><span class=\"wp-block-coblocks-social__icon\" style=\"height:22px;width:22px\"><\/span><span class=\"wp-block-coblocks-social__text\">Facebook<\/span><\/a><\/li><li><a href=\"https:\/\/twitter.com\/pershingdental?lang=en\" title=\"Twitter\" class=\"wp-block-button__link wp-block-coblocks-social__button wp-block-coblocks-social__button--twitter has-padding\" style=\"border-radius:40px\"><span class=\"wp-block-coblocks-social__icon\" style=\"height:22px;width:22px\"><\/span><span class=\"wp-block-coblocks-social__text\">Twitter<\/span><\/a><\/li><li><a href=\"https:\/\/www.instagram.com\/pershingfamilydental\/\" title=\"Instagram\" class=\"wp-block-button__link wp-block-coblocks-social__button wp-block-coblocks-social__button--instagram has-padding\" style=\"border-radius:40px\"><span class=\"wp-block-coblocks-social__icon\" style=\"height:22px;width:22px\"><\/span><span class=\"wp-block-coblocks-social__text\">Instagram<\/span><\/a><\/li><\/ul><\/div><\/div><\/div>\n<\/div><\/div>\n\n\n\n<div style=\"height:47px\" aria-hidden=\"true\" class=\"wp-block-spacer\"><\/div>\n\n\n\n<div style=\"min-height:400px\" data-map-attr=\"\/qaddress\/q:\/qPershing Family Dental El Paso, TX\/q||\/qlat\/q:\/qundefined\/q||\/qlng\/q:\/qundefined\/q||\/qskin\/q:\/qstandard\/q||\/qzoom\/q:\/q12\/q||\/qiconSize\/q:\/q36\/q||\/qmapTypeControl\/q:\/qtrue\/q||\/qzoomControl\/q:\/qtrue\/q||\/qstreetViewControl\/q:\/qtrue\/q||\/qfullscreenControl\/q:\/qtrue\/q\" class=\"wp-block-coblocks-map\"><iframe title=\"Google Map\" frameborder=\"0\" style=\"width:100%;min-height:400px\" src=\"https:\/\/www.google.com\/maps?q=Pershing%20Family%20Dental%20El%20Paso%2C%20TX&amp;output=embed&amp;hl=en-US&amp;z=12\"><\/iframe><\/div>\n\n\n\n<div style=\"height:44px\" aria-hidden=\"true\" class=\"wp-block-spacer\"><\/div>\n\n\n\n<div class=\"wp-block-coblocks-hero alignfull coblocks-hero-101413248317\"><div class=\"wp-block-coblocks-hero__inner has-background hero-center-center-align has-padding has-huge-padding has-center-content\" style=\"background-color:#f0f0f0;min-height:500px\"><div class=\"wp-block-coblocks-hero__content-wrapper\"><div class=\"wp-block-coblocks-hero__content\" style=\"max-width:832px\">\n<h2 class=\"wp-block-heading\">Patient Forms<\/h2>\n\n\n\n<p>To continue making your dental experience pleasant, we have conveniently provided our dental forms below, so that you can fill them out in the comfort of your home and bring them into the office with you.<\/p>\n\n\n\n<p>To download a form, click on the name.<\/p>\n\n\n\n<p><a rel=\"noreferrer noopener\" aria-label=\" (opens in a new tab)\" class=\"rank-math-link\" href=\"https:\/\/www.pershingfamilydental.com\/wp-content\/uploads\/2019\/12\/Dental-Medical-Histories-Eng.pdf\" target=\"_blank\">Dental and Medical Histories \u2013 English<\/a>&nbsp; | &nbsp;<a rel=\"noreferrer noopener\" aria-label=\" (opens in a new tab)\" class=\"rank-math-link\" href=\"https:\/\/www.pershingfamilydental.com\/wp-content\/uploads\/2019\/12\/Dental-Medical-Histories-Spa.pdf\" target=\"_blank\">Historial Medico y Dental \u2013 Spanish<\/a><\/p>\n\n\n\n<p><a aria-label=\" (opens in a new tab)\" rel=\"noreferrer noopener\" class=\"rank-math-link\" href=\"https:\/\/www.pershingfamilydental.com\/wp-content\/uploads\/2019\/12\/Patient-Registration-Info-Single-Page.pdf\" target=\"_blank\">Patient Registration Information Form&nbsp;<\/a>&nbsp;| &nbsp;<a aria-label=\" (opens in a new tab)\" rel=\"noreferrer noopener\" class=\"rank-math-link\" href=\"https:\/\/www.pershingfamilydental.com\/wp-content\/uploads\/2019\/12\/INFORMACI\u00d3N-DEL-PACIENTEI.pdf\" target=\"_blank\">Informaci\u00f3n Del Pacientei<\/a><br><br><a aria-label=\" (opens in a new tab)\" rel=\"noreferrer noopener\" class=\"rank-math-link\" href=\"https:\/\/www.pershingfamilydental.com\/wp-content\/uploads\/2019\/12\/Pershing-Family-Dental-Financial-Policy-3-8-16_1.pdf\" target=\"_blank\">Financial Policy Form<\/a><\/p>\n\n\n\n<p><strong>Note:<\/strong>&nbsp;You will need an Adobe PDF Reader to view\/print forms.&nbsp;<a rel=\"noreferrer noopener\" class=\"rank-math-link\" href=\"https:\/\/get.adobe.com\/reader\/\" target=\"_blank\">Download Adobe PDF Reader<\/a>.<\/p>\n<\/div><\/div><\/div><\/div>\n","protected":false},"excerpt":{"rendered":"<p>Programe una cita con el dentista hoy mismo. Situado convenientemente en el centro de El Paso, TX.&nbsp;Llame, env\u00ede un mensaje&hellip;<\/p>\n","protected":false},"author":1,"featured_media":333,"parent":0,"menu_order":0,"comment_status":"closed","ping_status":"closed","template":"","meta":{"_coblocks_attr":"","_coblocks_dimensions":"{\"coblocks-hero-101413248317\":{\"padding\":{}}}","_coblocks_responsive_height":"","_coblocks_accordion_ie_support":"","_kad_blocks_custom_css":"","_kad_blocks_head_custom_js":"","_kad_blocks_body_custom_js":"","_kad_blocks_footer_custom_js":"","footnotes":""},"class_list":["post-19","page","type-page","status-publish","has-post-thumbnail","hentry"],"translation":{"provider":"WPGlobus","version":"3.0.2","language":"es","enabled_languages":["en","es"],"languages":{"en":{"title":true,"content":true,"excerpt":false},"es":{"title":true,"content":true,"excerpt":false}}},"aioseo_notices":[],"taxonomy_info":[],"featured_image_src_large":["https:\/\/www.pershingfamilydental.com\/wp-content\/uploads\/2019\/11\/pershing-family-dental-el-paso-dentist.jpg",688,244,false],"author_info":{"display_name":"admin","author_link":"https:\/\/www.pershingfamilydental.com\/es\/author\/admin\/"},"comment_info":0,"_links":{"self":[{"href":"https:\/\/www.pershingfamilydental.com\/es\/wp-json\/wp\/v2\/pages\/19","targetHints":{"allow":["GET"]}}],"collection":[{"href":"https:\/\/www.pershingfamilydental.com\/es\/wp-json\/wp\/v2\/pages"}],"about":[{"href":"https:\/\/www.pershingfamilydental.com\/es\/wp-json\/wp\/v2\/types\/page"}],"author":[{"embeddable":true,"href":"https:\/\/www.pershingfamilydental.com\/es\/wp-json\/wp\/v2\/users\/1"}],"replies":[{"embeddable":true,"href":"https:\/\/www.pershingfamilydental.com\/es\/wp-json\/wp\/v2\/comments?post=19"}],"version-history":[{"count":42,"href":"https:\/\/www.pershingfamilydental.com\/es\/wp-json\/wp\/v2\/pages\/19\/revisions"}],"predecessor-version":[{"id":1809,"href":"https:\/\/www.pershingfamilydental.com\/es\/wp-json\/wp\/v2\/pages\/19\/revisions\/1809"}],"wp:featuredmedia":[{"embeddable":true,"href":"https:\/\/www.pershingfamilydental.com\/es\/wp-json\/wp\/v2\/media\/333"}],"wp:attachment":[{"href":"https:\/\/www.pershingfamilydental.com\/es\/wp-json\/wp\/v2\/media?parent=19"}],"curies":[{"name":"wp","href":"https:\/\/api.w.org\/{rel}","templated":true}]}}