{"id":423,"date":"2019-11-13T15:29:52","date_gmt":"2019-11-13T22:29:52","guid":{"rendered":"https:\/\/www.pershingfamilydental.com\/?page_id=423"},"modified":"2025-03-20T16:49:55","modified_gmt":"2025-03-20T22:49:55","slug":"teeth-cleaning-el-paso","status":"publish","type":"page","link":"https:\/\/www.pershingfamilydental.com\/es\/teeth-cleaning-el-paso.html","title":{"rendered":"Limpieza de dientes"},"content":{"rendered":"\n<h2 class=\"wp-block-heading\">Examen dental y limpieza de dientes<\/h2>\n\n\n\n<h3 class=\"wp-block-heading\">\u00a1Llame hoy mismo! <strong><a href=\"tel:9152065735\">915.206.5735<\/a><\/strong>  <\/h3>\n\n\n\n<div class=\"wp-block-coblocks-row coblocks-row-101315258646\" data-columns=\"2\" data-layout=\"66-33\"><div class=\"wp-block-coblocks-row__inner has-no-padding has-no-margin is-stacked-on-mobile has-medium-gutter\">\n<div class=\"wp-block-coblocks-column coblocks-column-1013152518474\" style=\"width:66%\"><div class=\"wp-block-coblocks-column__inner has-no-padding has-no-margin\">\n<p>Las limpiezas y ex\u00e1menes dentales son los procedimientos preventivos m\u00e1s importantes que Pershing Family Dental realiza para mantener su sonrisa en buen estado de salud. Proporcionamos a nuestros pacientes de El Paso tratamientos integrales de limpieza dental que eliminan la placa, el sarro, las bacterias y la caries para lograr una salud \u00f3ptima para sus dientes y enc\u00edas.\u00a0<\/p>\n<\/div><\/div>\n\n\n\n<div class=\"wp-block-coblocks-column coblocks-column-1013152518482\" style=\"width:33%\"><div class=\"wp-block-coblocks-column__inner has-no-padding has-no-margin\">\n<div class=\"wp-block-image\"><figure class=\"aligncenter\"><img loading=\"lazy\" decoding=\"async\" width=\"620\" height=\"465\" src=\"https:\/\/www.pershingfamilydental.com\/wp-content\/uploads\/2019\/11\/teeth-cleaning-el-paso-tx-dentist.jpeg\" alt=\"Teeth Cleaning El Paso\" class=\"wp-image-424\" srcset=\"https:\/\/www.pershingfamilydental.com\/wp-content\/uploads\/2019\/11\/teeth-cleaning-el-paso-tx-dentist.jpeg 620w, https:\/\/www.pershingfamilydental.com\/wp-content\/uploads\/2019\/11\/teeth-cleaning-el-paso-tx-dentist-300x225.jpeg 300w\" sizes=\"auto, (max-width: 620px) 100vw, 620px\" \/><\/figure><\/div>\n<\/div><\/div>\n<\/div><\/div>\n\n\n\n<p>Cepillarse a diario y utilizar el hilo dental con frecuencia ayuda a mantener los dientes con un aspecto natural m\u00e1s claro y saludable, pero s\u00f3lo puede llegar hasta cierto punto. Es importante que un profesional de la odontolog\u00eda examine y limpie sus dientes al menos dos veces al a\u00f1o para prevenir la caries y la decoloraci\u00f3n que se produce de forma natural con el tiempo. Nuestro higienista dental utiliza herramientas que llegan a lo m\u00e1s profundo de sus dientes y enc\u00edas para eliminar la placa que provoca caries, mal aliento cr\u00f3nico y, eventualmente, extracciones dentales.<\/p>\n\n\n\n<p>Nuestro personal dental y el dentista trabajan con pacientes de todas las edades para determinar el tratamiento dental de los ex\u00e1menes y ayudar a prevenir la enfermedad con limpiezas profundas. Despu\u00e9s de que sus dientes hayan sido limpiados, limpiados con hilo dental y pulidos por nuestro higienista, utilizaremos las radiograf\u00edas dentales para determinar el estado de sus dientes y planificar el futuro tratamiento dental si es necesario.<\/p>\n\n\n\n<h2 class=\"wp-block-heading\">Raspado y alisado radicular<\/h2>\n\n\n\n<p>Si padece una enfermedad de las enc\u00edas, es posible que tenga que someterse a un procedimiento de raspado y alisado radicular para eliminarla. La enfermedad de las enc\u00edas y la enfermedad periodontal son una afecci\u00f3n grave que puede provocar la p\u00e9rdida de hueso y de dientes.<\/p>\n\n\n\n<p>En el raspado y alisado radicular, el higienista utilizar\u00e1 herramientas para eliminar la placa y el sarro acumulados en la profundidad del tejido gingival. El procedimiento es profundo y lleva m\u00e1s tiempo que una limpieza dental normal. Se puede utilizar un sedante local para mantenerle lo m\u00e1s c\u00f3modo posible. Tambi\u00e9n se puede utilizar el ultrasonido para romper la placa y los dep\u00f3sitos de sarro.<\/p>\n\n\n\n<p>El dentista tendr\u00e1 instrucciones para usted despu\u00e9s del procedimiento para ayudar a prevenir las molestias o la hinchaz\u00f3n y mantener las enc\u00edas sanas.<\/p>\n\n\n\n<div class=\"wp-block-image\"><figure class=\"aligncenter\"><img loading=\"lazy\" decoding=\"async\" width=\"449\" height=\"236\" src=\"https:\/\/www.pershingfamilydental.com\/wp-content\/uploads\/2019\/11\/root-scaling-planning_teeth-cleaning.jpg\" alt=\"\" class=\"wp-image-425\" srcset=\"https:\/\/www.pershingfamilydental.com\/wp-content\/uploads\/2019\/11\/root-scaling-planning_teeth-cleaning.jpg 449w, https:\/\/www.pershingfamilydental.com\/wp-content\/uploads\/2019\/11\/root-scaling-planning_teeth-cleaning-300x158.jpg 300w\" sizes=\"auto, (max-width: 449px) 100vw, 449px\" \/><\/figure><\/div>\n\n\n\n<h2 class=\"wp-block-heading\">Preg\u00fantanos lo que quieras<\/h2>\n\n\n\n<p>A Pershing Family Dental le encantar\u00eda responder a cualquiera de sus preguntas que pueda tener con respecto a los ex\u00e1menes y limpiezas de dientes o cualquier otro procedimiento dental que ofrecemos. Ll\u00e1menos hoy al (915) 566-3927 o p\u00f3ngase en contacto con nosotros con el formulario en esta p\u00e1gina. Nuestro personal es cari\u00f1oso, paciente y est\u00e1 listo para que usted se ponga en contacto con nosotros.<\/p>\n\n\n\n\n\n<h2 class=\"wp-block-heading\">5 beneficios de los ex\u00e1menes dentales regulares y la limpieza de los dientes<\/h2>\n\n\n\n<p>\u00bfSe ha sometido a una limpieza dental en el \u00faltimo a\u00f1o?\u00a0Los ex\u00e1menes y las limpiezas dentales profesionales no s\u00f3lo sirven para mantener una sonrisa brillante, sino que pueden tener un impacto significativo en su salud general. La mala higiene bucal se ha relacionado con varias enfermedades graves, como la p\u00e9rdida de masa \u00f3sea, las enfermedades cardiovasculares, los accidentes cerebrovasculares, el c\u00e1ncer y muchos otros problemas de salud. Una rutina dental regular de cepillado y uso de hilo dental en casa es esencial para una boca sana. Sin embargo, para asegurarse de que sus dientes est\u00e1n sanos y completamente limpios, debe programar revisiones dentales peri\u00f3dicas con su dentista y limpiezas dentales anuales con su higienista dental. He aqu\u00ed 5 razones por las que los ex\u00e1menes dentales y las limpiezas dentales profesionales son tan importantes.<\/p>\n\n\n\n<figure class=\"wp-block-image size-large\"><img loading=\"lazy\" decoding=\"async\" width=\"626\" height=\"416\" src=\"https:\/\/www.pershingfamilydental.com\/wp-content\/uploads\/2020\/09\/dental-care-teeth-cleaning-dentist-checkup-examination-tooth-problem_el-paso-tx.jpg\" alt=\"\" class=\"wp-image-745\" srcset=\"https:\/\/www.pershingfamilydental.com\/wp-content\/uploads\/2020\/09\/dental-care-teeth-cleaning-dentist-checkup-examination-tooth-problem_el-paso-tx.jpg 626w, https:\/\/www.pershingfamilydental.com\/wp-content\/uploads\/2020\/09\/dental-care-teeth-cleaning-dentist-checkup-examination-tooth-problem_el-paso-tx-300x199.jpg 300w\" sizes=\"auto, (max-width: 626px) 100vw, 626px\" \/><\/figure>\n\n\n\n<h2 class=\"wp-block-heading\">Una bella sonrisa<\/h2>\n\n\n\n<p>Nuestro higienista dental en Pershing Family Dental eliminar\u00e1 la mayor\u00eda de las manchas que opacan y decoloran sus dientes, por lo que se quedar\u00e1 con una sonrisa m\u00e1s hermosa y blanca. Beber caf\u00e9, t\u00e9, vino o consumir tabaco puede manchar sus dientes gravemente con el paso de los a\u00f1os. Una limpieza dental puede eliminar las manchas acumuladas y dejarle con los dientes reci\u00e9n pulidos para una sonrisa que puede estar orgullosa de lucir en p\u00fablico.<\/p>\n\n\n\n<h2 class=\"wp-block-heading\">Mantenga todos sus dientes<\/h2>\n\n\n\n<p>Una limpieza dental peri\u00f3dica le ayudar\u00e1 a prevenir las enfermedades de las enc\u00edas y las enfermedades periodontales a medida que envejece. Tener todos los dientes intactos durante el mayor tiempo posible es crucial para una mayor esperanza de vida. Ser capaz de masticar alimentos saludables como la carne y las verduras frescas es esencial para mantener su cuerpo sano al poder consumir los nutrientes, las prote\u00ednas y la fibra que su cuerpo necesita.<\/p>\n\n\n\n<h2 class=\"wp-block-heading\">Ahorrar dinero<\/h2>\n\n\n\n<p>A largo plazo, las limpiezas dentales peri\u00f3dicas no s\u00f3lo ayudan a su salud bucal, sino que tambi\u00e9n pueden salvar su bolsillo. Cuanto m\u00e1s sana est\u00e9 tu boca, menos posibilidades tendr\u00e1s de tener que pagar grandes cantidades de dinero en el futuro por costosos y extensos procedimientos y tratamientos dentales.<\/p>\n\n\n\n<h2 class=\"wp-block-heading\">Impulsar la salud en general<\/h2>\n\n\n\n<p>Existe una correlaci\u00f3n directa entre la salud general y la salud bucodental. Una buena higiene bucal reduce el riesgo de padecer ciertas enfermedades, como la diabetes y las cardiopat\u00edas. Con una limpieza dental programada con regularidad, se puede reducir el riesgo de desarrollar enfermedades orales poco saludables. El riesgo de desarrollar otras enfermedades tambi\u00e9n se reduce en gran medida con ex\u00e1menes y limpiezas dentales regulares. Los estudios han demostrado que las personas que reciben limpiezas dentales y raspados regulares tienen un 24 por ciento menos de riesgo de sufrir un ataque al coraz\u00f3n y un 13 por ciento menos de riesgo de sufrir un derrame cerebral en comparaci\u00f3n con las personas que no reciben muchos cuidados dentales.<\/p>\n\n\n\n<h2 class=\"wp-block-heading\">Detecci\u00f3n precoz de la enfermedad<\/h2>\n\n\n\n<p>Los ex\u00e1menes dentales tambi\u00e9n pueden detectar signos de enfermedad en otras partes del cuerpo. Las infecciones en el interior de su boca acabar\u00e1n causando problemas de salud en otras partes del cuerpo y se\u00f1alando enfermedades como la leucemia y la diabetes. Nuestro dentista tambi\u00e9n podr\u00e1 examinarle para detectar a tiempo la demencia, la salud del coraz\u00f3n, la osteoporosis y el reflujo nocturno, que puede deteriorar r\u00e1pidamente sus dientes.<\/p>\n\n\n\n<p>Es posible que desee pensar dos veces antes de retrasar nuestro pr\u00f3ximo examen dental y limpieza de dientes.<\/p>\n\n\n\n<h2 class=\"wp-block-heading\">Programe una limpieza dental hoy mismo.<\/h2>\n\n\n\n<p>Programe un examen dental y limpieza de dientes hoy llam\u00e1ndonos al 915.206.5735, o visitando nuestra p\u00e1gina de Contacto. Nuestro personal dental es altamente profesional y utilizar el estado de la t\u00e9cnica de equipos aqu\u00ed en nuestro centro de El Paso, TX oficina dental. Podemos responder a cualquier pregunta que tenga sobre el tratamiento o las opciones de financiaci\u00f3n disponibles para nuestros pacientes. \u00a1Llame hoy!<\/p>\n","protected":false},"excerpt":{"rendered":"<p>Examen dental y limpieza de dientes \u00a1Llame hoy mismo! 915.206.5735 Cepillarse a diario y utilizar el hilo dental con frecuencia&hellip;<\/p>\n","protected":false},"author":1,"featured_media":467,"parent":0,"menu_order":0,"comment_status":"closed","ping_status":"closed","template":"","meta":{"_coblocks_attr":"","_coblocks_dimensions":"","_coblocks_responsive_height":"","_coblocks_accordion_ie_support":"","_kad_blocks_custom_css":"","_kad_blocks_head_custom_js":"","_kad_blocks_body_custom_js":"","_kad_blocks_footer_custom_js":"","footnotes":""},"class_list":["post-423","page","type-page","status-publish","has-post-thumbnail","hentry"],"translation":{"provider":"WPGlobus","version":"3.0.2","language":"es","enabled_languages":["en","es"],"languages":{"en":{"title":true,"content":true,"excerpt":false},"es":{"title":true,"content":true,"excerpt":false}}},"aioseo_notices":[],"taxonomy_info":[],"featured_image_src_large":["https:\/\/www.pershingfamilydental.com\/wp-content\/uploads\/2019\/11\/teeth-cleaning-el-paso-1024x254.jpg",688,171,true],"author_info":{"display_name":"admin","author_link":"https:\/\/www.pershingfamilydental.com\/es\/author\/admin\/"},"comment_info":0,"_links":{"self":[{"href":"https:\/\/www.pershingfamilydental.com\/es\/wp-json\/wp\/v2\/pages\/423","targetHints":{"allow":["GET"]}}],"collection":[{"href":"https:\/\/www.pershingfamilydental.com\/es\/wp-json\/wp\/v2\/pages"}],"about":[{"href":"https:\/\/www.pershingfamilydental.com\/es\/wp-json\/wp\/v2\/types\/page"}],"author":[{"embeddable":true,"href":"https:\/\/www.pershingfamilydental.com\/es\/wp-json\/wp\/v2\/users\/1"}],"replies":[{"embeddable":true,"href":"https:\/\/www.pershingfamilydental.com\/es\/wp-json\/wp\/v2\/comments?post=423"}],"version-history":[{"count":23,"href":"https:\/\/www.pershingfamilydental.com\/es\/wp-json\/wp\/v2\/pages\/423\/revisions"}],"predecessor-version":[{"id":1696,"href":"https:\/\/www.pershingfamilydental.com\/es\/wp-json\/wp\/v2\/pages\/423\/revisions\/1696"}],"wp:featuredmedia":[{"embeddable":true,"href":"https:\/\/www.pershingfamilydental.com\/es\/wp-json\/wp\/v2\/media\/467"}],"wp:attachment":[{"href":"https:\/\/www.pershingfamilydental.com\/es\/wp-json\/wp\/v2\/media?parent=423"}],"curies":[{"name":"wp","href":"https:\/\/api.w.org\/{rel}","templated":true}]}}