{"id":427,"date":"2019-11-13T15:35:12","date_gmt":"2019-11-13T22:35:12","guid":{"rendered":"https:\/\/www.pershingfamilydental.com\/?page_id=427"},"modified":"2025-12-17T23:40:10","modified_gmt":"2025-12-18T06:40:10","slug":"affordable-dental-implants","status":"publish","type":"page","link":"https:\/\/www.pershingfamilydental.com\/es\/affordable-dental-implants.html","title":{"rendered":"Implantes dentales asequibles"},"content":{"rendered":"\n<h2 class=\"wp-block-heading\">Implantes dentales en El Paso, TX<\/h2>\n\n\n\n<h3 class=\"wp-block-heading\">\u00a1Llame hoy mismo! <strong><a href=\"tel:9152065735\">915.206.5735<\/a><\/strong> <\/h3>\n\n\n\n<div class=\"wp-block-coblocks-row coblocks-row-1013153138787\" data-columns=\"2\" data-layout=\"66-33\"><div class=\"wp-block-coblocks-row__inner has-no-padding has-no-margin is-stacked-on-mobile has-medium-gutter\">\n<div class=\"wp-block-coblocks-column coblocks-column-1013153140497\" style=\"width:66%\"><div class=\"wp-block-coblocks-column__inner has-no-padding has-no-margin\">\n<p>Una buena forma de describir los implantes dentales es &#8220;ra\u00edz dental artificial&#8221;. \u00a0El implante real b\u00e1sicamente sustituye la ra\u00edz de un diente perdido. \u00a0Son ideales para sustituir un solo diente perdido por encima de la l\u00ednea de las enc\u00edas, o varios dientes.\u00a0 Los implantes dentales son tambi\u00e9n una forma de anclar puentes dentales y dentaduras completas o parciales. Tambi\u00e9n tienen opciones de restauraci\u00f3n similares a las que tiene con sus dientes naturales, como los puentes dentales y las dentaduras completas o parciales fijas o extra\u00edbles.\u00a0<\/p>\n<\/div><\/div>\n\n\n\n<div class=\"wp-block-coblocks-column coblocks-column-1013153140505\" style=\"width:33%\"><div class=\"wp-block-coblocks-column__inner has-no-padding has-no-margin\">\n<div class=\"wp-block-image\"><figure class=\"aligncenter\"><img loading=\"lazy\" decoding=\"async\" width=\"301\" height=\"177\" src=\"https:\/\/www.pershingfamilydental.com\/wp-content\/uploads\/2019\/11\/dental-implants-el-paso.png\" alt=\"Dental Implants\" class=\"wp-image-428\" srcset=\"https:\/\/www.pershingfamilydental.com\/wp-content\/uploads\/2019\/11\/dental-implants-el-paso.png 301w, https:\/\/www.pershingfamilydental.com\/wp-content\/uploads\/2019\/11\/dental-implants-el-paso-300x176.png 300w\" sizes=\"auto, (max-width: 301px) 100vw, 301px\" \/><\/figure><\/div>\n<\/div><\/div>\n<\/div><\/div>\n\n\n\n<h2 class=\"wp-block-heading\">\u00bfPor qu\u00e9 los implantes dentales?<\/h2>\n\n\n\n<p>Los implantes dentales est\u00e1n hechos de titanio, que es un material biocompatible que se une al hueso de la mand\u00edbula. Esta uni\u00f3n refuerza la mand\u00edbula estimulando el crecimiento del hueso y evita la recesi\u00f3n de la l\u00ednea de la mand\u00edbula que se produce por la falta de dientes. Los implantes dentales tambi\u00e9n tienen una tasa de \u00e9xito del 98% y pueden durar toda la vida con un mantenimiento adecuado.<\/p>\n\n\n\n<p>La falta de dientes puede hacer que sus mejillas parezcan hundidas. Los implantes dentales reparan su estructura \u00f3sea natural y evitan que parezca mayor de lo que es.\u00a0Los implantes dentales no s\u00f3lo le devuelven su brillante sonrisa de aspecto natural, sino que tambi\u00e9n le devuelven la capacidad de masticar alimentos duros o resistentes. Lo que a largo plazo mejorar\u00e1 su salud en general.<\/p>\n\n\n\n<h2 class=\"wp-block-heading\">Preg\u00fantenos sobre nuestros implantes dentales asequibles<\/h2>\n\n\n\n<p>Nuestros precios asequibles son sencillos y nuestros Implantes Dentales son algunos de los precios m\u00e1s bajos en todo Texas y Nuevo M\u00e9xico.\u00a0Somos expertos en Implantes Dentales.\u00a0\u00a1Si usted est\u00e1 interesado en obtener un examen de $50, radiograf\u00edas, y la consulta de implantes dentales, por favor llene nuestro formulario o ll\u00e1menos!<\/p>\n\n\n\n\n\n<h2 class=\"wp-block-heading\">\u00bfDebo ponerme implantes dentales?<\/h2>\n\n\n\n<p>En Pershing Family Dental, ofrecemos implantes dentales como el m\u00e9todo preferido para reemplazar los dientes perdidos debido a su tasa de \u00e9xito del 98%, su aspecto y sensaci\u00f3n natural, y porque pueden durar toda la vida. M\u00e1s de 3 millones de estadounidenses tienen actualmente implantes dentales para reemplazar los dientes perdidos.<\/p>\n\n\n\n<p>Puente soportado por implantes dentales.<\/p>\n\n\n\n<p>La mayor\u00eda de las personas comienzan a perder dientes en su tercera edad, pero los implantes dentales pueden utilizarse para sustituir los dientes perdidos a cualquier edad. La p\u00e9rdida de dientes puede producirse por diferentes motivos, como un traumatismo grave o una caries dental. Los implantes dentales se suelen utilizar por las siguientes razones:<\/p>\n\n\n\n<ul class=\"wp-block-list\"><li>Para reemplazar dientes perdidos<\/li><li>Para sostener puentes dentales en caso de falta de varios dientes<\/li><li>Para sostener pr\u00f3tesis dentales completas o parciales<\/li><\/ul>\n\n\n\n<h2 class=\"wp-block-heading\">\u00bfSon los implantes dentales adecuados para m\u00ed?<\/h2>\n\n\n\n<p>La mayor\u00eda de las personas pueden recibir implantes dentales siempre que el hueso de la mand\u00edbula sea lo suficientemente fuerte como para anclar el implante. La \u00fanica manera de saber si usted es un buen candidato para los implantes dentales es venir y obtener una consulta de implantes dentales.<\/p>\n\n\n\n<p>Hay muchas otras cosas a considerar, pero el m\u00e9dico y el personal repasar\u00e1n estos diferentes aspectos y opciones con usted despu\u00e9s del examen. Nuestro personal dental es amigable, conocedor y est\u00e1 equipado para responder a cualquier pregunta que tenga sobre los implantes dentales.<\/p>\n\n\n\n<p>Ll\u00e1menos hoy al 915.206.5735, o programe una cita visitando nuestra p\u00e1gina de Contacto. \u00a1Nuestro personal est\u00e1 esperando pacientemente por tel\u00e9fono, y no podemos esperar para traer de vuelta su fabulosa sonrisa!<\/p>\n\n\n\n<h2 class=\"wp-block-heading\">Recupere su sonrisa de forma permanente con implantes dentales<\/h2>\n\n\n\n<p>Perder un diente o varios dientes puede ser una experiencia traum\u00e1tica. Afortunadamente, con los avances en la tecnolog\u00eda dental en las \u00faltimas d\u00e9cadas, la sustituci\u00f3n de un diente perdido puede ser una buena experiencia con nuestro dentista altamente capacitado y el personal cl\u00ednico en Pershing Family Dental.\u00a0Los implantes dentales pueden restaurar permanentemente el aspecto y la sensaci\u00f3n de sus dientes naturales en una c\u00f3moda oficina dental de El Paso, TX.<\/p>\n\n\n\n<div class=\"wp-block-image\"><figure class=\"aligncenter size-large\"><img loading=\"lazy\" decoding=\"async\" width=\"360\" height=\"294\" src=\"https:\/\/www.pershingfamilydental.com\/wp-content\/uploads\/2019\/11\/dental-implants-bridge-el-paso-dentist.jpeg\" alt=\"Dental Implant Bridge for multiple missing teeth.\" class=\"wp-image-493\" srcset=\"https:\/\/www.pershingfamilydental.com\/wp-content\/uploads\/2019\/11\/dental-implants-bridge-el-paso-dentist.jpeg 360w, https:\/\/www.pershingfamilydental.com\/wp-content\/uploads\/2019\/11\/dental-implants-bridge-el-paso-dentist-300x245.jpeg 300w\" sizes=\"auto, (max-width: 360px) 100vw, 360px\" \/><figcaption>Puente de implantes dentales para la falta de varios dientes.<\/figcaption><\/figure><\/div>\n\n\n\n<h2 class=\"has-text-align-left wp-block-heading\">Belleza y beneficios de los implantes dentales<\/h2>\n\n\n\n<p>Adem\u00e1s de devolverle la sonrisa y la confianza para sonre\u00edr, los implantes dentales tambi\u00e9n le devuelven la capacidad de comer con comodidad. Mientras que algunos pacientes pueden obtener implantes dentales en una o dos visitas, los casos m\u00e1s graves pueden tardar unos meses en restaurar completamente su sonrisa.<\/p>\n\n\n\n<p>Como los implantes dentales est\u00e1n hechos de titanio (un material biocompatible), se adhieren firmemente al hueso de la mand\u00edbula. Esto proporciona una base s\u00f3lida para la colocaci\u00f3n de una corona, un puente o una dentadura postiza. Aunque los implantes dentales son m\u00e1s caros que otras opciones de tratamiento, es la soluci\u00f3n m\u00e1s permanente para sustituir los dientes perdidos. Con una tasa de \u00e9xito del 97%, los implantes dentales son la mejor soluci\u00f3n para sustituir los dientes perdidos. Con un mantenimiento y cuidado adecuados, sus implantes dentales pueden durar el resto de su vida.<\/p>\n\n\n\n<h2 class=\"wp-block-heading\">Mantenimiento de los implantes dentales<\/h2>\n\n\n\n<p>Los implantes dentales le proporcionan una segunda oportunidad para cuidar sus dientes. Dado que son literalmente los sustitutos de sus antiguos dientes, tienen la misma rutina y programa de mantenimiento. Si se cepilla y utiliza el hilo dental todos los d\u00edas y acude al dentista dos veces al a\u00f1o, sus implantes dentales deber\u00edan durar toda la vida.<\/p>\n\n\n\n<h2 class=\"wp-block-heading\">Preg\u00fantenos sobre nuestros implantes dentales en El Paso, TX<\/h2>\n\n\n\n<p>La mejor manera de saber si usted es un buen candidato para un implante dental es programar una consulta de implantes dentales aqu\u00ed en Pershing Family Dental. Nuestro personal es profesional y amable. Estamos aqu\u00ed para proporcionarle cualquier informaci\u00f3n que necesite sobre los implantes dentales, los tratamientos, los seguros y las opciones financieras disponibles para nuestros pacientes. Ll\u00e1menos hoy al 915.206.5735, o programe una cita en nuestra p\u00e1gina de Contacto. \u00a1No podemos esperar a ver su sonrisa!<\/p>\n","protected":false},"excerpt":{"rendered":"<p>Implantes dentales en El Paso, TX \u00a1Llame hoy mismo! 915.206.5735 \u00bfPor qu\u00e9 los implantes dentales? Los implantes dentales est\u00e1n hechos&hellip;<\/p>\n","protected":false},"author":1,"featured_media":475,"parent":0,"menu_order":0,"comment_status":"closed","ping_status":"closed","template":"","meta":{"_coblocks_attr":"","_coblocks_dimensions":"","_coblocks_responsive_height":"","_coblocks_accordion_ie_support":"","_kad_blocks_custom_css":"","_kad_blocks_head_custom_js":"","_kad_blocks_body_custom_js":"","_kad_blocks_footer_custom_js":"","footnotes":""},"class_list":["post-427","page","type-page","status-publish","has-post-thumbnail","hentry"],"translation":{"provider":"WPGlobus","version":"3.0.2","language":"es","enabled_languages":["en","es"],"languages":{"en":{"title":true,"content":true,"excerpt":false},"es":{"title":true,"content":true,"excerpt":false}}},"aioseo_notices":[],"taxonomy_info":[],"featured_image_src_large":["https:\/\/www.pershingfamilydental.com\/wp-content\/uploads\/2019\/11\/dental-implant-el-paso-tx-dentist-1-1024x254.jpg",688,171,true],"author_info":{"display_name":"admin","author_link":"https:\/\/www.pershingfamilydental.com\/es\/author\/admin\/"},"comment_info":0,"_links":{"self":[{"href":"https:\/\/www.pershingfamilydental.com\/es\/wp-json\/wp\/v2\/pages\/427","targetHints":{"allow":["GET"]}}],"collection":[{"href":"https:\/\/www.pershingfamilydental.com\/es\/wp-json\/wp\/v2\/pages"}],"about":[{"href":"https:\/\/www.pershingfamilydental.com\/es\/wp-json\/wp\/v2\/types\/page"}],"author":[{"embeddable":true,"href":"https:\/\/www.pershingfamilydental.com\/es\/wp-json\/wp\/v2\/users\/1"}],"replies":[{"embeddable":true,"href":"https:\/\/www.pershingfamilydental.com\/es\/wp-json\/wp\/v2\/comments?post=427"}],"version-history":[{"count":25,"href":"https:\/\/www.pershingfamilydental.com\/es\/wp-json\/wp\/v2\/pages\/427\/revisions"}],"predecessor-version":[{"id":1777,"href":"https:\/\/www.pershingfamilydental.com\/es\/wp-json\/wp\/v2\/pages\/427\/revisions\/1777"}],"wp:featuredmedia":[{"embeddable":true,"href":"https:\/\/www.pershingfamilydental.com\/es\/wp-json\/wp\/v2\/media\/475"}],"wp:attachment":[{"href":"https:\/\/www.pershingfamilydental.com\/es\/wp-json\/wp\/v2\/media?parent=427"}],"curies":[{"name":"wp","href":"https:\/\/api.w.org\/{rel}","templated":true}]}}