{"id":430,"date":"2019-11-13T15:40:32","date_gmt":"2019-11-13T22:40:32","guid":{"rendered":"https:\/\/www.pershingfamilydental.com\/?page_id=430"},"modified":"2026-04-29T11:58:06","modified_gmt":"2026-04-29T17:58:06","slug":"same-day-emergency-dental","status":"publish","type":"page","link":"https:\/\/www.pershingfamilydental.com\/es\/same-day-emergency-dental.html","title":{"rendered":"Dentista de urgencia el mismo d\u00eda"},"content":{"rendered":"\n<h2 class=\"wp-block-heading\">Atenci\u00f3n dental de emergencia el mismo d\u00eda en El Paso, TX<\/h2>\n\n\n\n<h3 class=\"wp-block-heading\">\u00a1Llame hoy mismo! <strong><a href=\"tel:9152065735\">915.206.5735<\/a><\/strong>  <\/h3>\n\n\n\n<div class=\"wp-block-coblocks-row coblocks-row-1013153617755\" data-columns=\"2\" data-layout=\"50-50\"><div class=\"wp-block-coblocks-row__inner has-no-padding has-no-margin is-stacked-on-mobile has-medium-gutter\">\n<div class=\"wp-block-coblocks-column coblocks-column-1013153619768\" style=\"width:50%\"><div class=\"wp-block-coblocks-column__inner has-no-padding has-no-margin\">\n<p>Las urgencias dentales pueden ser extremadamente dolorosas e incluso impedirle realizar sus actividades diarias.\u00a0\u00a0Algunas emergencias dentales pueden incluso tener efectos negativos duraderos en su salud oral. Estas son algunas de las emergencias dentales en las que nuestro dentista de urgencias puede ayudarle:<\/p>\n\n\n\n<ul class=\"wp-block-list\"><li>Dientes astillados o rotos<\/li><li>Dolor de muelas del juicio<\/li><li>Enc\u00edas inflamadas o infectadas<\/li><li>Dolores de muelas<\/li><li>Empastes o coronas sueltas<\/li><li>Dentaduras postizas rotas<\/li><\/ul>\n<\/div><\/div>\n\n\n\n<div class=\"wp-block-coblocks-column coblocks-column-1013153619776\" style=\"width:50%\"><div class=\"wp-block-coblocks-column__inner has-no-padding has-no-margin\">\n<div class=\"wp-block-image\"><figure class=\"aligncenter\"><img loading=\"lazy\" decoding=\"async\" width=\"418\" height=\"310\" src=\"https:\/\/www.pershingfamilydental.com\/wp-content\/uploads\/2019\/11\/el-paso-dental-emergency.jpg\" alt=\"Emergency Dentist El Paso\" class=\"wp-image-431\" srcset=\"https:\/\/www.pershingfamilydental.com\/wp-content\/uploads\/2019\/11\/el-paso-dental-emergency.jpg 418w, https:\/\/www.pershingfamilydental.com\/wp-content\/uploads\/2019\/11\/el-paso-dental-emergency-300x222.jpg 300w\" sizes=\"auto, (max-width: 418px) 100vw, 418px\" \/><\/figure><\/div>\n<\/div><\/div>\n<\/div><\/div>\n\n\n\n<p>Acogemos tanto las citas para el mismo d\u00eda como las que se hacen sin cita previa. Si el accidente se produce fuera del horario de oficina, puede dejar un mensaje de voz (que se comprueba a diario) o acudir a su servicio de urgencias local. Dejar asuntos como estos sin tratar puede aumentar el riesgo de desarrollar infecciones graves u otros problemas de salud.\u00a0 Por favor, ll\u00e1menos a nuestra Oficina Dental de El Paso al 915-566-9415 tan pronto como sea posible.<\/p>\n\n\n\n<h2 class=\"wp-block-heading\">Qu\u00e9 hacer en caso de emergencia dental<\/h2>\n\n\n\n<p>Todos sabemos que los accidentes ocurren, por lo que saber qu\u00e9 hacer cuando se produce uno puede permitirle salvar un diente y evitar da\u00f1os mayores.<\/p>\n\n\n\n<p>Para todas las emergencias dentales, es importante visitar Pershing Family Dental tan pronto como sea posible. Reservamos tiempo en nuestros horarios diarios para los pacientes de emergencia, as\u00ed que aseg\u00farese de llamarnos y proporcionar todos los detalles que pueda sobre su condici\u00f3n. Si el accidente ocurre cuando no estamos abiertos, visite su sala de emergencias local de inmediato.<\/p>\n\n\n\n<p>A continuaci\u00f3n se presentan las emergencias dentales m\u00e1s comunes y lo que hay que hacer para ayudarle a superarlas.\u00a0<\/p>\n\n\n\n<h3 class=\"wp-block-heading\"><strong>Dolores de muelas<\/strong><\/h3>\n\n\n\n<p>Cuando experimentes un dolor de muelas, lo primero que debes hacer es utilizar agua caliente para enjuagarte la boca. Si experimenta hinchaz\u00f3n, presione una compresa fr\u00eda contra la parte exterior de la mejilla o la boca para reducir la inflamaci\u00f3n. para reducir el dolor puede tomar un analg\u00e9sico antiinflamatorio como el ibuprofeno. Nuestro dentista podr\u00e1 recetarle un medicamento m\u00e1s fuerte una vez en nuestra consulta. Los dolores de muelas tienen la tendencia a volverse extremadamente dolorosos, as\u00ed que no espere demasiado para programar una cita.<\/p>\n\n\n\n<h3 class=\"wp-block-heading\"><strong>Diente agrietado o roto<\/strong><\/h3>\n\n\n\n<p>Al igual que en el caso de un dolor de muelas, utiliza agua caliente para lavarte la boca y limpiar la zona. De nuevo, tambi\u00e9n puedes usar una compresa fr\u00eda contra tu cara para bajar la hinchaz\u00f3n. Acude a nuestro dentista tan pronto como puedas porque un diente roto o agrietado puede convertirse r\u00e1pidamente en un problema de salud bucal mayor.<\/p>\n\n\n\n<p>Un diente agrietado puede convertirse r\u00e1pidamente en uno roto. Por lo tanto, si notas que sobresale un bulto de pulpa dental o si hay una l\u00ednea rota que atraviesa tu diente, programa una cita dental de emergencia de inmediato.<\/p>\n\n\n\n<p>Acu\u00e9rdate de guardar los trozos de tu diente roto que se hayan ca\u00eddo. Puede aplicar una gasa en cualquier \u00e1rea que est\u00e9 sangrando hasta que se detenga. No esperes a acudir a nuestro dentista situado en el centro de El Paso. Nuestro personal dental tambi\u00e9n puede asesorarte con m\u00e1s detalle por tel\u00e9fono.<\/p>\n\n\n\n<h3 class=\"wp-block-heading\"><strong>Diente permanente ca\u00eddo<\/strong><\/h3>\n\n\n\n<p>Si ha sufrido una lesi\u00f3n que ha provocado la p\u00e9rdida de uno o varios dientes permanentes, necesitar\u00e1 un tratamiento inmediato. De nuevo, si es posible encontrar el diente y salvarlo.<\/p>\n\n\n\n<p>Enjuague suavemente el diente golpeado con agua y no lo frote. Intente volver a colocar el diente en el alv\u00e9olo, sujetando suavemente la corona para evitar tocar las ra\u00edces. Si no es posible, mantenga el diente junto a la abertura del alv\u00e9olo entre la mejilla.<\/p>\n\n\n\n<p>Si no puedes volver a colocar el diente en su hueco o si existe el peligro de tragarlo, col\u00f3calo en una taza de leche fresca. A continuaci\u00f3n, llame al dentista de inmediato. Si cree que puede tener la mand\u00edbula rota, acuda inmediatamente a urgencias.<\/p>\n\n\n\n<h3 class=\"wp-block-heading\"><strong>Absceso<\/strong><\/h3>\n\n\n\n<p>Un absceso es una infecci\u00f3n peligrosa que se produce alrededor de la ra\u00edz del diente y entre las enc\u00edas y los dientes. Esta infecci\u00f3n puede agravarse r\u00e1pidamente y da\u00f1ar el tejido circundante y los dientes. Una infecci\u00f3n por absceso tambi\u00e9n puede extenderse potencialmente a otras zonas del cuerpo si no se trata de forma inmediata y adecuada.<\/p>\n\n\n\n<p>Dado que un absceso tiene el potencial de causar graves problemas de salud general y bucal, programe una cita con nosotros de inmediato si nota alguna hinchaz\u00f3n dolorosa en las enc\u00edas. Mientras tanto, antes de ver a nuestro dentista, puede enjuagarse la boca con una soluci\u00f3n suave de agua salada. Esto puede ayudar a sacar el pus de las enc\u00edas a la superficie y al mismo tiempo aliviar el dolor.<\/p>\n\n\n\n<h3 class=\"wp-block-heading\"><strong>Relleno perdido<\/strong><\/h3>\n\n\n\n<p>Si ha perdido un empaste, puede colocar un trozo de goma de mascar sin az\u00facar temporalmente en la cavidad o utilizar cemento dental de venta libre para evitar que entren alimentos. Llame al 915.206.5735 para concertar una cita con nuestro dentista lo antes posible. Si no se trata, podr\u00eda empezar a experimentar dolor de dientes y tambi\u00e9n podr\u00eda infectarse.<\/p>\n\n\n\n<h3 class=\"wp-block-heading\"><strong>Corona perdida<\/strong><\/h3>\n\n\n\n<p>Si se le cae una corona de un tratamiento dental anterior, querr\u00e1 volver a programar una cita con Pershing Family Dental de inmediato. Si es posible, traiga su corona a su cita dental. Si siente dolor y no es posible acudir a nuestro dentista de inmediato, puede aplicar un poco de aceite de clavo en un hisopo de algod\u00f3n en la zona expuesta.<\/p>\n\n\n\n<p>El aceite de clavo puede encontrarse en la secci\u00f3n de especias de tu supermercado o en una farmacia. Tambi\u00e9n puedes utilizar un poco de adhesivo para dentaduras o cemento dental de venta libre para volver a colocar la corona sobre el diente y mantenerla en su sitio temporalmente mientras esperas a tu cita con el dentista. No intentes utilizar superpegamento.<\/p>\n\n\n\n<h2 class=\"wp-block-heading\">\u00bfTiene una emergencia dental? Estamos aqu\u00ed para ayudarte.<\/h2>\n\n\n\n<p>En Pershing Family Dental, sabemos que los accidentes ocurren, y cuando lo hacen, usted va a necesitar atenci\u00f3n dental de emergencia r\u00e1pidamente. Es por eso que estamos disponibles las noches, fines de semana, para el mismo d\u00eda y citas al d\u00eda siguiente. Incluso podemos permanecer abiertos m\u00e1s tarde en la noche para acomodar a usted con la ayuda dental de emergencia que usted necesita.\u00a0Si usted est\u00e1 sufriendo de un dolor de muelas, astillado o agrietado diente, un diente golpeado, o una corona dental que falta, estamos aqu\u00ed para ayudar.\u00a0<\/p>\n\n\n\n<h2 class=\"wp-block-heading\">Pregunte por la atenci\u00f3n dental de urgencia<\/h2>\n\n\n\n<p>Estamos aqu\u00ed para responder a cualquier pregunta que tenga sobre su propia emergencia dental. Tenemos un personal amable en espera de programar una cita de inmediato. Ll\u00e1menos hoy al 915.206.5735, o llene el formulario en esta p\u00e1gina para programar una consulta dental de emergencia aqu\u00ed en Central El Paso, TX<\/p>\n\n\n","protected":false},"excerpt":{"rendered":"<p>Atenci\u00f3n dental de emergencia el mismo d\u00eda en El Paso, TX \u00a1Llame hoy mismo! 915.206.5735 Acogemos tanto las citas para&hellip;<\/p>\n","protected":false},"author":1,"featured_media":472,"parent":0,"menu_order":0,"comment_status":"closed","ping_status":"closed","template":"","meta":{"_coblocks_attr":"","_coblocks_dimensions":"","_coblocks_responsive_height":"","_coblocks_accordion_ie_support":"","_kad_blocks_custom_css":"","_kad_blocks_head_custom_js":"","_kad_blocks_body_custom_js":"","_kad_blocks_footer_custom_js":"","footnotes":""},"class_list":["post-430","page","type-page","status-publish","has-post-thumbnail","hentry"],"translation":{"provider":"WPGlobus","version":"3.0.2","language":"es","enabled_languages":["en","es"],"languages":{"en":{"title":true,"content":true,"excerpt":false},"es":{"title":true,"content":true,"excerpt":false}}},"aioseo_notices":[],"taxonomy_info":[],"featured_image_src_large":["https:\/\/www.pershingfamilydental.com\/wp-content\/uploads\/2019\/11\/emergency-dentist-el-paso-tx-1024x254.jpg",688,171,true],"author_info":{"display_name":"admin","author_link":"https:\/\/www.pershingfamilydental.com\/es\/author\/admin\/"},"comment_info":0,"_links":{"self":[{"href":"https:\/\/www.pershingfamilydental.com\/es\/wp-json\/wp\/v2\/pages\/430","targetHints":{"allow":["GET"]}}],"collection":[{"href":"https:\/\/www.pershingfamilydental.com\/es\/wp-json\/wp\/v2\/pages"}],"about":[{"href":"https:\/\/www.pershingfamilydental.com\/es\/wp-json\/wp\/v2\/types\/page"}],"author":[{"embeddable":true,"href":"https:\/\/www.pershingfamilydental.com\/es\/wp-json\/wp\/v2\/users\/1"}],"replies":[{"embeddable":true,"href":"https:\/\/www.pershingfamilydental.com\/es\/wp-json\/wp\/v2\/comments?post=430"}],"version-history":[{"count":27,"href":"https:\/\/www.pershingfamilydental.com\/es\/wp-json\/wp\/v2\/pages\/430\/revisions"}],"predecessor-version":[{"id":1844,"href":"https:\/\/www.pershingfamilydental.com\/es\/wp-json\/wp\/v2\/pages\/430\/revisions\/1844"}],"wp:featuredmedia":[{"embeddable":true,"href":"https:\/\/www.pershingfamilydental.com\/es\/wp-json\/wp\/v2\/media\/472"}],"wp:attachment":[{"href":"https:\/\/www.pershingfamilydental.com\/es\/wp-json\/wp\/v2\/media?parent=430"}],"curies":[{"name":"wp","href":"https:\/\/api.w.org\/{rel}","templated":true}]}}