{"id":436,"date":"2019-11-13T15:49:02","date_gmt":"2019-11-13T22:49:02","guid":{"rendered":"https:\/\/www.pershingfamilydental.com\/?page_id=436"},"modified":"2026-04-29T12:04:02","modified_gmt":"2026-04-29T18:04:02","slug":"tooth-extractions-wisdom-teeth","status":"publish","type":"page","link":"https:\/\/www.pershingfamilydental.com\/es\/tooth-extractions-wisdom-teeth.html","title":{"rendered":"Extracciones dentales Muelas del juicio"},"content":{"rendered":"\n<h2 class=\"wp-block-heading\">Extracciones dentales en El Paso, TX<\/h2>\n\n\n\n<h3 class=\"wp-block-heading\">\u00a1Llame hoy mismo! <strong><a href=\"tel:9152065735\">915.206.5735<\/a><\/strong>  <\/h3>\n\n\n\n<div class=\"wp-block-coblocks-row coblocks-row-1013154452131\" data-columns=\"2\" data-layout=\"66-33\"><div class=\"wp-block-coblocks-row__inner has-no-padding has-no-margin is-stacked-on-mobile has-medium-gutter\">\n<div class=\"wp-block-coblocks-column coblocks-column-1013154455946\" style=\"width:66%\"><div class=\"wp-block-coblocks-column__inner has-no-padding has-no-margin\">\n<p>En el desafortunado caso de que haya que extraer un diente, usted est\u00e1 en buenas manos.\u00a0 Si su diente ha sido severamente da\u00f1ado, o usted tiene un diente impactado, la extracci\u00f3n del diente puede ser necesaria. Nuestro dentista utilizar\u00e1 un anest\u00e9sico local para adormecer la zona que rodea el diente antes de la extracci\u00f3n. \u00a0Ofrecemos sedaci\u00f3n oral para minimizar la ansiedad y el dolor de nuestros pacientes.<\/p>\n<\/div><\/div>\n\n\n\n<div class=\"wp-block-coblocks-column coblocks-column-1013154455954\" style=\"width:33%\"><div class=\"wp-block-coblocks-column__inner has-no-padding has-no-margin\">\n<div class=\"wp-block-image\"><figure class=\"aligncenter\"><img loading=\"lazy\" decoding=\"async\" width=\"348\" height=\"229\" src=\"https:\/\/www.pershingfamilydental.com\/wp-content\/uploads\/2019\/11\/tooth-extraction_el-paso-1.jpg\" alt=\"Tooth Extraction El Paso\" class=\"wp-image-437\" srcset=\"https:\/\/www.pershingfamilydental.com\/wp-content\/uploads\/2019\/11\/tooth-extraction_el-paso-1.jpg 348w, https:\/\/www.pershingfamilydental.com\/wp-content\/uploads\/2019\/11\/tooth-extraction_el-paso-1-300x197.jpg 300w\" sizes=\"auto, (max-width: 348px) 100vw, 348px\" \/><\/figure><\/div>\n<\/div><\/div>\n<\/div><\/div>\n\n\n\n<h2 class=\"wp-block-heading\"><strong>Muelas del juicio<\/strong><\/h2>\n\n\n\n<p>Pershing Family Dental tiene una oficina dental de vanguardia en el centro de El Paso. Podemos tratar los problemas relacionados con sus terceros molares que tambi\u00e9n se llaman muelas del juicio.\u00a0 Las muelas del juicio son el \u00faltimo conjunto de molares para desarrollar y por lo general aparecen en la adolescencia o principios de los 20 a\u00f1os.\u00a0 A menudo, las muelas del juicio carecen del espacio adecuado en la mand\u00edbula para salir completamente de la enc\u00eda o incluso en absoluto.\u00a0 Cuando no hay espacio suficiente para que una muela del juicio salga, esta condici\u00f3n com\u00fan se llama impactaci\u00f3n.\u00a0\u00a0Las muelas del juicio impactadas pueden ser extremadamente dolorosas y, si no se tratan, pueden causar da\u00f1os en los dientes vecinos.<\/p>\n\n\n\n<h2 class=\"wp-block-heading\">Qu\u00e9 esperar durante las extracciones dentales<\/h2>\n\n\n\n<p>Para que sepa qu\u00e9 esperar, le explicaremos claramente cada paso de la extracci\u00f3n dental antes de empezar.\u00a0Si no podemos revivir su diente con un procedimiento de odontolog\u00eda restauradora, lo haremos:<\/p>\n\n\n\n<ul class=\"wp-block-list\"><li>Planificar minuciosamente su tratamiento mediante radiograf\u00edas digitales y otras tecnolog\u00edas dentales avanzadas<\/li><li>Adormecer la zona para un confort \u00f3ptimo<\/li><li>Extraer suavemente su diente<\/li><\/ul>\n\n\n\n<p>Nuestro m\u00e9dico tambi\u00e9n le dar\u00e1 consejos profesionales sobre c\u00f3mo cuidar su boca despu\u00e9s de la extracci\u00f3n de dientes. Tambi\u00e9n podemos ayudar a aliviar su ansiedad dental y aumentar su comodidad con opciones de sedaci\u00f3n dental si est\u00e1 nervioso por un procedimiento.<\/p>\n\n\n\n<h2 class=\"wp-block-heading\">Preg\u00fantenos sobre las extracciones dentales<\/h2>\n\n\n\n<p>Nuestro personal dental impresionante est\u00e1 aqu\u00ed para responder a cualquiera de sus preguntas sobre las extracciones de dientes, procedimientos dentales, seguros y opciones financieras. Llame a la oficina de nuestro dentista central hoy para programar una consulta de extracci\u00f3n hoy. Usted puede llegar a nosotros en 915.206.5735, o llenar el formulario en esta p\u00e1gina.<\/p>\n\n\n\n\n\n<p><\/p>\n","protected":false},"excerpt":{"rendered":"<p>Extracciones dentales en El Paso, TX \u00a1Llame hoy mismo! 915.206.5735 Muelas del juicio Pershing Family Dental tiene una oficina dental&hellip;<\/p>\n","protected":false},"author":1,"featured_media":473,"parent":0,"menu_order":0,"comment_status":"closed","ping_status":"closed","template":"","meta":{"_coblocks_attr":"","_coblocks_dimensions":"","_coblocks_responsive_height":"","_coblocks_accordion_ie_support":"","_kad_blocks_custom_css":"","_kad_blocks_head_custom_js":"","_kad_blocks_body_custom_js":"","_kad_blocks_footer_custom_js":"","footnotes":""},"class_list":["post-436","page","type-page","status-publish","has-post-thumbnail","hentry"],"translation":{"provider":"WPGlobus","version":"3.0.2","language":"es","enabled_languages":["en","es"],"languages":{"en":{"title":true,"content":true,"excerpt":false},"es":{"title":true,"content":true,"excerpt":false}}},"aioseo_notices":[],"taxonomy_info":[],"featured_image_src_large":["https:\/\/www.pershingfamilydental.com\/wp-content\/uploads\/2019\/11\/dental-emergency-el-paso-1024x254.jpg",688,171,true],"author_info":{"display_name":"admin","author_link":"https:\/\/www.pershingfamilydental.com\/es\/author\/admin\/"},"comment_info":0,"_links":{"self":[{"href":"https:\/\/www.pershingfamilydental.com\/es\/wp-json\/wp\/v2\/pages\/436","targetHints":{"allow":["GET"]}}],"collection":[{"href":"https:\/\/www.pershingfamilydental.com\/es\/wp-json\/wp\/v2\/pages"}],"about":[{"href":"https:\/\/www.pershingfamilydental.com\/es\/wp-json\/wp\/v2\/types\/page"}],"author":[{"embeddable":true,"href":"https:\/\/www.pershingfamilydental.com\/es\/wp-json\/wp\/v2\/users\/1"}],"replies":[{"embeddable":true,"href":"https:\/\/www.pershingfamilydental.com\/es\/wp-json\/wp\/v2\/comments?post=436"}],"version-history":[{"count":29,"href":"https:\/\/www.pershingfamilydental.com\/es\/wp-json\/wp\/v2\/pages\/436\/revisions"}],"predecessor-version":[{"id":1851,"href":"https:\/\/www.pershingfamilydental.com\/es\/wp-json\/wp\/v2\/pages\/436\/revisions\/1851"}],"wp:featuredmedia":[{"embeddable":true,"href":"https:\/\/www.pershingfamilydental.com\/es\/wp-json\/wp\/v2\/media\/473"}],"wp:attachment":[{"href":"https:\/\/www.pershingfamilydental.com\/es\/wp-json\/wp\/v2\/media?parent=436"}],"curies":[{"name":"wp","href":"https:\/\/api.w.org\/{rel}","templated":true}]}}