{"id":439,"date":"2019-11-13T15:51:59","date_gmt":"2019-11-13T22:51:59","guid":{"rendered":"https:\/\/www.pershingfamilydental.com\/?page_id=439"},"modified":"2026-04-01T15:50:05","modified_gmt":"2026-04-01T21:50:05","slug":"invisalign-el-paso","status":"publish","type":"page","link":"https:\/\/www.pershingfamilydental.com\/es\/invisalign-el-paso.html","title":{"rendered":"Invisalign El Paso"},"content":{"rendered":"\n<h2 class=\"wp-block-heading\">Invisalign: la alternativa transparente a los aparatos de ortodoncia<\/h2>\n\n\n\n<h3 class=\"wp-block-heading\">\u00a1Llame hoy mismo! <strong><a href=\"tel:9152065735\">915.206.5735<\/a><\/strong> <\/h3>\n\n\n\n<div class=\"wp-block-coblocks-row coblocks-row-51714725731\" data-columns=\"2\" data-layout=\"66-33\"><div class=\"wp-block-coblocks-row__inner has-no-padding has-no-margin is-stacked-on-mobile has-medium-gutter\">\n<div class=\"wp-block-coblocks-column coblocks-column-51714726980\" style=\"width:66%\"><div class=\"wp-block-coblocks-column__inner has-no-padding has-no-margin\">\n<p>Somos un proveedor certificado de Invisalign. Invisalign puede darle los hermosos dientes rectos que siempre has querido sin los aparatos met\u00e1licos antiest\u00e9ticos. Venga a nuestra oficina dental de El Paso, TX para una consulta con nuestro dentista para ver si Invisalign es el tratamiento de ortodoncia adecuado para usted.<\/p>\n<\/div><\/div>\n\n\n\n<div class=\"wp-block-coblocks-column coblocks-column-517147273\" style=\"width:33%\"><div class=\"wp-block-coblocks-column__inner has-no-padding has-no-margin\">\n<div class=\"wp-block-image\"><figure class=\"aligncenter size-large\"><img loading=\"lazy\" decoding=\"async\" width=\"920\" height=\"742\" src=\"https:\/\/www.pershingfamilydental.com\/wp-content\/uploads\/2020\/06\/invisalign-el-paso-tx.jpg\" alt=\"Invisalign in El Paso, TX\" class=\"wp-image-669\" srcset=\"https:\/\/www.pershingfamilydental.com\/wp-content\/uploads\/2020\/06\/invisalign-el-paso-tx.jpg 920w, https:\/\/www.pershingfamilydental.com\/wp-content\/uploads\/2020\/06\/invisalign-el-paso-tx-300x242.jpg 300w, https:\/\/www.pershingfamilydental.com\/wp-content\/uploads\/2020\/06\/invisalign-el-paso-tx-768x619.jpg 768w\" sizes=\"auto, (max-width: 920px) 100vw, 920px\" \/><\/figure><\/div>\n<\/div><\/div>\n<\/div><\/div>\n\n\n\n<h2 class=\"wp-block-heading\">\u00bfQu\u00e9 es Invisalign?<\/h2>\n\n\n\n<p>Invisalign utiliza alineadores transparentes, extra\u00edbles y c\u00f3modos que son un tratamiento eficaz para alinear los dientes. Los alineadores tipo bandeja est\u00e1n hechos con tecnolog\u00eda de imagen por ordenador en 3D, con acr\u00edlico formado t\u00e9rmicamente para proporcionar la mayor comodidad posible. M\u00e1s del 70% de los ortodoncistas en los EE.UU. est\u00e1n certificados para administrar el tratamiento Invisalign y estamos ubicados convenientemente fuera de Pershing en el centro de El Paso.<\/p>\n\n\n\n<h2 class=\"wp-block-heading\">\u00bfC\u00f3mo funciona?<\/h2>\n\n\n\n<p>Cada juego de alineadores dura 2 semanas, retir\u00e1ndolos s\u00f3lo para comer, beber, cepillarse y usar el hilo dental. A medida que sustituya cada alineador por el siguiente de la serie, sus dientes se ir\u00e1n alineando gradualmente hasta alcanzar su posici\u00f3n final. S\u00f3lo tendr\u00e1 que visitarnos una vez cada seis semanas para asegurarse de que sus dientes progresan seg\u00fan lo previsto. La duraci\u00f3n total del tratamiento suele ser de una media de entre 9 y 15 meses. Llevar\u00e1 un n\u00famero medio de 18 a 30 alineadores durante el tratamiento, pero \u00e9ste variar\u00e1 seg\u00fan el caso.<\/p>\n\n\n\n<h2 class=\"wp-block-heading\">Ortodoncia en El Paso<\/h2>\n\n\n\n<p>La ortodoncia es algo m\u00e1s que enderezar los dientes; tiene que ver con la mordida general, la funci\u00f3n y la armon\u00eda de los dientes, los maxilares y los m\u00fasculos. S\u00f3lo un peque\u00f1o porcentaje de proveedores de Invisalign\u00ae tiene realmente la experiencia necesaria para corregir algo m\u00e1s que problemas menores.<\/p>\n\n\n\n<h2 class=\"wp-block-heading\">\u00a1Preg\u00fantenos sobre Invisalign!<\/h2>\n\n\n\n<p>\u00a1Solicite una consulta GRATIS hoy mismo utilizando el formulario de esta p\u00e1gina o llam\u00e1ndonos hoy mismo al 915.206.5735! Nuestro personal es amable y profesional, por lo que puede preguntarnos cualquier cosa relacionada con el tratamiento Invisalign, los procedimientos dentales, el seguro y las opciones financieras. \u00a1No podemos esperar a ver su sonrisa!<\/p>\n\n\n","protected":false},"excerpt":{"rendered":"<p>Invisalign: la alternativa transparente a los aparatos de ortodoncia \u00a1Llame hoy mismo! 915.206.5735 \u00bfQu\u00e9 es Invisalign? Invisalign utiliza alineadores transparentes,&hellip;<\/p>\n","protected":false},"author":1,"featured_media":477,"parent":0,"menu_order":0,"comment_status":"closed","ping_status":"closed","template":"","meta":{"_coblocks_attr":"","_coblocks_dimensions":"","_coblocks_responsive_height":"","_coblocks_accordion_ie_support":"","_kad_blocks_custom_css":"","_kad_blocks_head_custom_js":"","_kad_blocks_body_custom_js":"","_kad_blocks_footer_custom_js":"","footnotes":""},"class_list":["post-439","page","type-page","status-publish","has-post-thumbnail","hentry"],"translation":{"provider":"WPGlobus","version":"3.0.2","language":"es","enabled_languages":["en","es"],"languages":{"en":{"title":true,"content":true,"excerpt":false},"es":{"title":true,"content":true,"excerpt":false}}},"aioseo_notices":[],"taxonomy_info":[],"featured_image_src_large":["https:\/\/www.pershingfamilydental.com\/wp-content\/uploads\/2019\/11\/invisalign-el-paso-tx-dentist-1024x254.jpg",688,171,true],"author_info":{"display_name":"admin","author_link":"https:\/\/www.pershingfamilydental.com\/es\/author\/admin\/"},"comment_info":0,"_links":{"self":[{"href":"https:\/\/www.pershingfamilydental.com\/es\/wp-json\/wp\/v2\/pages\/439","targetHints":{"allow":["GET"]}}],"collection":[{"href":"https:\/\/www.pershingfamilydental.com\/es\/wp-json\/wp\/v2\/pages"}],"about":[{"href":"https:\/\/www.pershingfamilydental.com\/es\/wp-json\/wp\/v2\/types\/page"}],"author":[{"embeddable":true,"href":"https:\/\/www.pershingfamilydental.com\/es\/wp-json\/wp\/v2\/users\/1"}],"replies":[{"embeddable":true,"href":"https:\/\/www.pershingfamilydental.com\/es\/wp-json\/wp\/v2\/comments?post=439"}],"version-history":[{"count":27,"href":"https:\/\/www.pershingfamilydental.com\/es\/wp-json\/wp\/v2\/pages\/439\/revisions"}],"predecessor-version":[{"id":1818,"href":"https:\/\/www.pershingfamilydental.com\/es\/wp-json\/wp\/v2\/pages\/439\/revisions\/1818"}],"wp:featuredmedia":[{"embeddable":true,"href":"https:\/\/www.pershingfamilydental.com\/es\/wp-json\/wp\/v2\/media\/477"}],"wp:attachment":[{"href":"https:\/\/www.pershingfamilydental.com\/es\/wp-json\/wp\/v2\/media?parent=439"}],"curies":[{"name":"wp","href":"https:\/\/api.w.org\/{rel}","templated":true}]}}