{"id":441,"date":"2019-11-13T15:55:07","date_gmt":"2019-11-13T22:55:07","guid":{"rendered":"https:\/\/www.pershingfamilydental.com\/?page_id=441"},"modified":"2025-03-20T16:58:49","modified_gmt":"2025-03-20T22:58:49","slug":"full-partial-dentures","status":"publish","type":"page","link":"https:\/\/www.pershingfamilydental.com\/es\/full-partial-dentures.html","title":{"rendered":"Dentaduras completas y parciales"},"content":{"rendered":"\n<h2 class=\"wp-block-heading\">Dentaduras en El Paso, TX<\/h2>\n\n\n\n<h3 class=\"wp-block-heading\">\u00a1Llame hoy mismo! <strong><a href=\"tel:9152065735\">915.206.5735<\/a><\/strong>  <\/h3>\n\n\n\n<div class=\"wp-block-coblocks-row coblocks-row-101315530796\" data-columns=\"2\" data-layout=\"66-33\"><div class=\"wp-block-coblocks-row__inner has-no-padding has-no-margin is-stacked-on-mobile has-medium-gutter\">\n<div class=\"wp-block-coblocks-column coblocks-column-101315532504\" style=\"width:66%\"><div class=\"wp-block-coblocks-column__inner has-no-padding has-no-margin\">\n<p>Las dentaduras postizas son una placa extra\u00edble que sirve de plataforma para colocar dientes artificiales. Para cualquier persona a la que le falten dientes, las pr\u00f3tesis dentales pueden ser una excelente alternativa a los dientes permanentes. Las pr\u00f3tesis dentales sirven tanto para la est\u00e9tica como para la utilidad, se ven muy bien y le permiten disfrutar de todas sus comidas favoritas. Funcionan igual que los dientes reales.<\/p>\n<\/div><\/div>\n\n\n\n<div class=\"wp-block-coblocks-column coblocks-column-101315532512\" style=\"width:33%\"><div class=\"wp-block-coblocks-column__inner has-no-padding has-no-margin\"><div class=\"wp-block-image\">\n<figure class=\"aligncenter\"><img loading=\"lazy\" decoding=\"async\" width=\"283\" height=\"210\" src=\"https:\/\/www.pershingfamilydental.com\/wp-content\/uploads\/2019\/11\/dentures-el-paso.jpg\" alt=\"Dentures El Paso, TX\" class=\"wp-image-442\"\/><\/figure>\n<\/div><\/div><\/div>\n<\/div><\/div>\n\n\n\n<h2 class=\"wp-block-heading\">Dentaduras completas y parciales<\/h2>\n\n\n\n<p><strong>Dentaduras completas<\/strong><br>Si le faltan la mayor\u00eda de los dientes o todos ellos, las pr\u00f3tesis completas pueden reemplazar tanto los dientes superiores como los inferiores. Es posible que haya perdido los dientes como consecuencia de una enfermedad periodontal, una caries o una emergencia dental. Sea cual sea la causa, una pr\u00f3tesis dental puede mejorar su vida para que pueda sonre\u00edr sin sentirse cohibido y comer y hablar sin dificultad. Las pr\u00f3tesis dentales retenidas por implantes proporcionan estabilidad a la dentadura.&nbsp;<\/p>\n\n\n\n<p><strong>Dentaduras parciales<\/strong><br>Si ha perdido varios dientes pero no necesita una pr\u00f3tesis completa, puede ser un buen candidato para una pr\u00f3tesis parcial. Las pr\u00f3tesis parciales consisten en dientes de repuesto fijados a una base de pl\u00e1stico de color rosa o goma de mascar conectada por una estructura met\u00e1lica. Las pr\u00f3tesis parciales removibles se adhieren a sus dientes naturales con accesorios de precisi\u00f3n invisibles. Las coronas dentales en sus dientes naturales pueden mejorar el ajuste de una pr\u00f3tesis parcial removible y suelen ser necesarias con los aditamentos. Si cree que es un candidato para las pr\u00f3tesis parciales, es posible que tambi\u00e9n quiera preguntar por los puentes dentales y los implantes dentales.<\/p>\n\n\n\n<h2 class=\"wp-block-heading\">P\u00f3ngase en contacto con nuestra oficina dental<\/h2>\n\n\n\n<p>En Pershing Family Dental nos enorgullecemos de mantener a nuestros pacientes bien informados y c\u00f3modos en nuestra oficina dental de El Paso, TX. Proporcionamos lo \u00faltimo en atenci\u00f3n dental de vanguardia. Ll\u00e1menos hoy al 915.206.5735, o programe una visita con el formulario en esta p\u00e1gina. \u00a1Esperamos verte!<\/p>\n\n\n\n<div style=\"height:20px\" aria-hidden=\"true\" class=\"wp-block-spacer\"><\/div>\n\n\n\n<h2 class=\"wp-block-heading\">\u00bfLas pr\u00f3tesis dentales modernas parecen y se sienten realmente naturales?<\/h2>\n\n\n\n<p>En Pershing Family Dental, hemos escuchado todas las preocupaciones y conceptos err\u00f3neos acerca de las dentaduras que no se ven o se sienten como sus dientes naturales. La realidad es que la tecnolog\u00eda dental ha progresado hasta el punto de que las dentaduras pueden parecer naturales y se pueden ajustar perfectamente para adaptarse a su mordida. Proporcionando un aspecto y sensaci\u00f3n natural que tambi\u00e9n puede durar toda la vida con el cuidado adecuado de la dentadura.<\/p>\n\n\n\n<p>Pershing Family Dental en el centro de El Paso, TX se basa en materiales compuestos mejorados para proporcionar una sonrisa est\u00e9ticamente hermosa. \u00a1As\u00ed que ahora m\u00e1s que nunca es el mejor momento para obtener pr\u00f3tesis dentales de \u00faltima generaci\u00f3n para proporcionar una sonrisa est\u00e9ticamente hermosa!<\/p>\n\n\n\n<p>Nuestro dentista y el personal se dedican a crear hermosas sonrisas para nuestros pacientes de El Paso, TX. Nuestras pr\u00f3tesis dentales no s\u00f3lo se sienten naturales sino que tambi\u00e9n vienen en una variedad de tonos para que se vean naturales y crear el aspecto perfecto para que coincida con su sonrisa.<\/p>\n\n\n\n<h2 class=\"wp-block-heading\">\u00a1Pida una cita hoy mismo!<\/h2>\n\n\n\n<p>Programe una consulta de dentadura hoy llamando a nuestra oficina dental al 915.206.5735, o env\u00edenos un mensaje visitando nuestra p\u00e1gina de Contacto. Vamos a responder a cualquier pregunta que pueda tener con respecto al tratamiento, el seguro, o las finanzas. \u00a1Nuestro personal es paciente y profesional y espera su llamada!<\/p>\n\n\n\n<h2 class=\"wp-block-heading\">Consejos para vivir con pr\u00f3tesis dentales<\/h2>\n\n\n\n<p>Comer con un diente o varios dientes extra\u00eddos puede ser muy dif\u00edcil. Por ello, los dentistas recomiendan pr\u00f3tesis parciales o completas a los pacientes que han perdido varios dientes. Las pr\u00f3tesis son esencialmente dientes falsos que le devolver\u00e1n la capacidad de masticar los alimentos con comodidad y esa hermosa sonrisa.<\/p>\n\n\n\n<h2 class=\"wp-block-heading\">Cepille su dentadura dos veces al d\u00eda<\/h2>\n\n\n\n<p>Al igual que los dientes, las pr\u00f3tesis dentales deben cepillarse dos veces al d\u00eda para evitar la acumulaci\u00f3n de placa y las bacterias que causan el mal olor. Una rutina de higiene bucal saludable garantizar\u00e1 que duren m\u00e1s tiempo. El cepillado diario es tambi\u00e9n una medida importante para prevenir las enfermedades de las enc\u00edas.<\/p>\n\n\n\n<h2 class=\"wp-block-heading\">Aclarar despu\u00e9s de comer<\/h2>\n\n\n\n<p>Aseg\u00farate de enjuagar bien tu dentadura postiza despu\u00e9s del cepillado para que no queden part\u00edculas de comida. Mantener la dentadura postiza bajo el grifo le ayudar\u00e1 a enjuagarla. No hacerlo puede provocar una enfermedad periodontal en el tejido blando que hay debajo del aparato.<\/p>\n\n\n\n<h2 class=\"wp-block-heading\">No deje que su dentadura postiza se seque<\/h2>\n\n\n\n<p>Cuando no utilices tu dentadura postiza, debe estar en remojo en agua o en una soluci\u00f3n limpiadora para dentaduras. Al igual que los dientes, las pr\u00f3tesis dentales deben mantenerse h\u00famedas para evitar que se rompan. Puedes evitar que se rompa tu dentadura postiza, que a veces es una inversi\u00f3n importante para mantener la salud bucal, si haces esto todas las noches cuando no se usa la dentadura postiza.<\/p>\n\n\n\n<h2 class=\"wp-block-heading\">Programe una consulta sobre pr\u00f3tesis dentales hoy mismo.<\/h2>\n\n\n\n<p>Programe una consulta de dentadura hoy llamando al 915.206.5735 o visitando nuestra p\u00e1gina de Contacto. Nuestro amable personal estar\u00e1 encantado de responder a cualquier pregunta que tenga y programar su pr\u00f3xima cita dental.<\/p>\n\n\n\n<div class=\"wp-block-buttons is-layout-flex wp-block-buttons-is-layout-flex\">\n<div class=\"wp-block-button\"><a class=\"wp-block-button__link wp-element-button\" href=\"https:\/\/www.pershingfamilydental.com\/go\/book-appointment\/\" target=\"_blank\" rel=\"noreferrer noopener\"><strong>Book An Appointment!<\/strong><\/a><\/div>\n\n\n\n<div class=\"wp-block-button\"><a class=\"wp-block-button__link wp-element-button\" href=\"tel:9152065735\"><strong>Call Or Text 915.206.5735<\/strong><\/a><\/div>\n<\/div>\n\n\n","protected":false},"excerpt":{"rendered":"<p>Dentaduras en El Paso, TX \u00a1Llame hoy mismo! 915.206.5735 Dentaduras completas y parciales Dentaduras completasSi le faltan la mayor\u00eda de&hellip;<\/p>\n","protected":false},"author":1,"featured_media":478,"parent":0,"menu_order":0,"comment_status":"closed","ping_status":"closed","template":"","meta":{"_coblocks_attr":"","_coblocks_dimensions":"","_coblocks_responsive_height":"","_coblocks_accordion_ie_support":"","_kad_blocks_custom_css":"","_kad_blocks_head_custom_js":"","_kad_blocks_body_custom_js":"","_kad_blocks_footer_custom_js":"","footnotes":""},"class_list":["post-441","page","type-page","status-publish","has-post-thumbnail","hentry"],"translation":{"provider":"WPGlobus","version":"3.0.2","language":"es","enabled_languages":["en","es"],"languages":{"en":{"title":true,"content":true,"excerpt":false},"es":{"title":true,"content":true,"excerpt":false}}},"aioseo_notices":[],"taxonomy_info":[],"featured_image_src_large":["https:\/\/www.pershingfamilydental.com\/wp-content\/uploads\/2019\/11\/dentures-el-paso-tx-dentist-1024x254.jpg",688,171,true],"author_info":{"display_name":"admin","author_link":"https:\/\/www.pershingfamilydental.com\/es\/author\/admin\/"},"comment_info":0,"_links":{"self":[{"href":"https:\/\/www.pershingfamilydental.com\/es\/wp-json\/wp\/v2\/pages\/441","targetHints":{"allow":["GET"]}}],"collection":[{"href":"https:\/\/www.pershingfamilydental.com\/es\/wp-json\/wp\/v2\/pages"}],"about":[{"href":"https:\/\/www.pershingfamilydental.com\/es\/wp-json\/wp\/v2\/types\/page"}],"author":[{"embeddable":true,"href":"https:\/\/www.pershingfamilydental.com\/es\/wp-json\/wp\/v2\/users\/1"}],"replies":[{"embeddable":true,"href":"https:\/\/www.pershingfamilydental.com\/es\/wp-json\/wp\/v2\/comments?post=441"}],"version-history":[{"count":21,"href":"https:\/\/www.pershingfamilydental.com\/es\/wp-json\/wp\/v2\/pages\/441\/revisions"}],"predecessor-version":[{"id":1704,"href":"https:\/\/www.pershingfamilydental.com\/es\/wp-json\/wp\/v2\/pages\/441\/revisions\/1704"}],"wp:featuredmedia":[{"embeddable":true,"href":"https:\/\/www.pershingfamilydental.com\/es\/wp-json\/wp\/v2\/media\/478"}],"wp:attachment":[{"href":"https:\/\/www.pershingfamilydental.com\/es\/wp-json\/wp\/v2\/media?parent=441"}],"curies":[{"name":"wp","href":"https:\/\/api.w.org\/{rel}","templated":true}]}}